{"id":1232,"date":"2026-04-06T07:17:50","date_gmt":"2026-04-06T07:17:50","guid":{"rendered":"https:\/\/www.mindysart.fi\/?page_id=1232"},"modified":"2026-04-06T08:44:51","modified_gmt":"2026-04-06T08:44:51","slug":"mindys-art-lahjakortti","status":"publish","type":"page","link":"https:\/\/www.mindysart.fi\/index.php\/mindys-art-lahjakortti\/","title":{"rendered":"Mindys Art -Lahjakortti"},"content":{"rendered":"<div class=\"wp-block-image is-style-default\">\n<figure class=\"alignright size-full is-resized\"><img loading=\"lazy\" decoding=\"async\" width=\"1080\" height=\"810\" src=\"https:\/\/www.mindysart.fi\/wp-content\/uploads\/2026\/04\/Lahjakortti-1.jpg\" alt=\"\" class=\"wp-image-1242\" style=\"width:431px;height:auto\"\/><\/figure>\n<\/div>\n\n\n<p><strong>Mindys Art:n Lahjakortti<\/strong> on oivallinen ja arvokas lahja. Lahjakortti oikeuttaa kaikkiin Mindys Art:n tilauksiin, my\u00f6s kausialennustuotteisiin ja -tilauksiin. Voit tilata Mindys Art:n Lahjakortin puhelimitse tai s\u00e4hk\u00f6postin kautta. Ilmoitathan silloin, mink\u00e4 arvoisen Lahjakortin haluatte tilata sek\u00e4 yhteystiedot, jonne kortti l\u00e4hetet\u00e4\u00e4n. Ilmoitathan my\u00f6s s\u00e4hk\u00f6postiosoitteesi laskua varten. Mahdolliset postituskulut (kirjepostimerkki 2,75 \u20ac) perit\u00e4\u00e4n Lahjakortin maksun yhteydess\u00e4.<\/p>\n\n\n\n<p><\/p>\n\n\n<div class=\"wp-block-image is-style-rounded\">\n<figure class=\"alignright size-full is-resized\"><img loading=\"lazy\" decoding=\"async\" width=\"198\" height=\"257\" src=\"https:\/\/www.mindysart.fi\/wp-content\/uploads\/2026\/04\/Nayttokuva-2026-04-06-112023.png\" alt=\"\" class=\"wp-image-1240\" style=\"width:212px;height:auto\"\/><\/figure>\n<\/div>\n\n\n<ul class=\"wp-block-list\">\n<li>Lahjakortti k\u00e4y kaikkiin Mindys Art:n tilauksiin.<\/li>\n\n\n\n<li>Arvolle 10 \u20ac &#8211; 500 \u20ac<\/li>\n\n\n\n<li>Tilaa Lahjakortti helposti suoraan kotiisi tai suoraan lahjan saajalle.<\/li>\n\n\n\n<li>Lahjakorttia ei voi vaihtaa rahaksi.<\/li>\n\n\n\n<li>Lahjakorttia k\u00e4ytt\u00e4ess\u00e4si, ilmoitathan kortissa olevan koodin.<\/li>\n\n\n\n<li>Lahjakortti on voimassa yhden (1) vuoden kirjaamisp\u00e4iv\u00e4st\u00e4 l\u00e4htien.<\/li>\n<\/ul>\n","protected":false},"excerpt":{"rendered":"<p>Mindys Art:n Lahjakortti on oivallinen ja arvokas lahja. Lahjakortti oikeuttaa kaikkiin Mindys Art:n tilauksiin, my\u00f6s kausialennustuotteisiin ja -tilauksiin. Voit tilata Mindys Art:n Lahjakortin puhelimitse tai s\u00e4hk\u00f6postin kautta. Ilmoitathan silloin, mink\u00e4&hellip;<\/p>\n","protected":false},"author":1,"featured_media":0,"parent":0,"menu_order":0,"comment_status":"closed","ping_status":"closed","template":"","meta":{"footnotes":""},"class_list":["post-1232","page","type-page","status-publish","hentry"],"_links":{"self":[{"href":"https:\/\/www.mindysart.fi\/index.php\/wp-json\/wp\/v2\/pages\/1232","targetHints":{"allow":["GET"]}}],"collection":[{"href":"https:\/\/www.mindysart.fi\/index.php\/wp-json\/wp\/v2\/pages"}],"about":[{"href":"https:\/\/www.mindysart.fi\/index.php\/wp-json\/wp\/v2\/types\/page"}],"author":[{"embeddable":true,"href":"https:\/\/www.mindysart.fi\/index.php\/wp-json\/wp\/v2\/users\/1"}],"replies":[{"embeddable":true,"href":"https:\/\/www.mindysart.fi\/index.php\/wp-json\/wp\/v2\/comments?post=1232"}],"version-history":[{"count":2,"href":"https:\/\/www.mindysart.fi\/index.php\/wp-json\/wp\/v2\/pages\/1232\/revisions"}],"predecessor-version":[{"id":1243,"href":"https:\/\/www.mindysart.fi\/index.php\/wp-json\/wp\/v2\/pages\/1232\/revisions\/1243"}],"wp:attachment":[{"href":"https:\/\/www.mindysart.fi\/index.php\/wp-json\/wp\/v2\/media?parent=1232"}],"curies":[{"name":"wp","href":"https:\/\/api.w.org\/{rel}","templated":true}]}}