{"id":17,"date":"2021-09-07T08:47:18","date_gmt":"2021-09-07T08:47:18","guid":{"rendered":"https:\/\/www.mindysart.fi\/?page_id=17"},"modified":"2025-04-23T08:42:03","modified_gmt":"2025-04-23T08:42:03","slug":"art-gallery","status":"publish","type":"page","link":"https:\/\/www.mindysart.fi\/index.php\/art-gallery\/","title":{"rendered":"TaideGalleria"},"content":{"rendered":"\n<figure class=\"wp-block-gallery aligncenter has-nested-images columns-default is-cropped wp-block-gallery-1 is-layout-flex wp-block-gallery-is-layout-flex\">\n<figure class=\"wp-block-image size-large\"><img loading=\"lazy\" decoding=\"async\" width=\"733\" height=\"1024\" data-id=\"819\" src=\"https:\/\/www.mindysart.fi\/wp-content\/uploads\/2025\/04\/IMG_20230928_121801_852-scaled-e1743947690581-733x1024.jpg\" alt=\"\" class=\"wp-image-819\" srcset=\"https:\/\/www.mindysart.fi\/wp-content\/uploads\/2025\/04\/IMG_20230928_121801_852-scaled-e1743947690581-733x1024.jpg 733w, https:\/\/www.mindysart.fi\/wp-content\/uploads\/2025\/04\/IMG_20230928_121801_852-scaled-e1743947690581-215x300.jpg 215w, https:\/\/www.mindysart.fi\/wp-content\/uploads\/2025\/04\/IMG_20230928_121801_852-scaled-e1743947690581-768x1073.jpg 768w, https:\/\/www.mindysart.fi\/wp-content\/uploads\/2025\/04\/IMG_20230928_121801_852-scaled-e1743947690581-1099x1536.jpg 1099w, https:\/\/www.mindysart.fi\/wp-content\/uploads\/2025\/04\/IMG_20230928_121801_852-scaled-e1743947690581-1466x2048.jpg 1466w, https:\/\/www.mindysart.fi\/wp-content\/uploads\/2025\/04\/IMG_20230928_121801_852-scaled-e1743947690581.jpg 1680w\" sizes=\"auto, (max-width: 733px) 100vw, 733px\" \/><\/figure>\n\n\n\n<figure class=\"wp-block-image size-large\"><img loading=\"lazy\" decoding=\"async\" width=\"1024\" height=\"1024\" data-id=\"818\" src=\"https:\/\/www.mindysart.fi\/wp-content\/uploads\/2025\/04\/IMG_20230705_190221_573-1024x1024.jpg\" alt=\"\" class=\"wp-image-818\" srcset=\"https:\/\/www.mindysart.fi\/wp-content\/uploads\/2025\/04\/IMG_20230705_190221_573-1024x1024.jpg 1024w, https:\/\/www.mindysart.fi\/wp-content\/uploads\/2025\/04\/IMG_20230705_190221_573-300x300.jpg 300w, https:\/\/www.mindysart.fi\/wp-content\/uploads\/2025\/04\/IMG_20230705_190221_573-150x150.jpg 150w, https:\/\/www.mindysart.fi\/wp-content\/uploads\/2025\/04\/IMG_20230705_190221_573-768x768.jpg 768w, https:\/\/www.mindysart.fi\/wp-content\/uploads\/2025\/04\/IMG_20230705_190221_573-1536x1536.jpg 1536w, https:\/\/www.mindysart.fi\/wp-content\/uploads\/2025\/04\/IMG_20230705_190221_573-2048x2048.jpg 2048w\" sizes=\"auto, (max-width: 1024px) 100vw, 1024px\" \/><\/figure>\n\n\n\n<figure class=\"wp-block-image size-large\"><img loading=\"lazy\" decoding=\"async\" width=\"697\" height=\"1024\" data-id=\"820\" src=\"https:\/\/www.mindysart.fi\/wp-content\/uploads\/2025\/04\/IMG_20231103_145618_574-scaled-e1743947640929-697x1024.jpg\" alt=\"\" class=\"wp-image-820\" srcset=\"https:\/\/www.mindysart.fi\/wp-content\/uploads\/2025\/04\/IMG_20231103_145618_574-scaled-e1743947640929-697x1024.jpg 697w, https:\/\/www.mindysart.fi\/wp-content\/uploads\/2025\/04\/IMG_20231103_145618_574-scaled-e1743947640929-204x300.jpg 204w, https:\/\/www.mindysart.fi\/wp-content\/uploads\/2025\/04\/IMG_20231103_145618_574-scaled-e1743947640929-768x1129.jpg 768w, https:\/\/www.mindysart.fi\/wp-content\/uploads\/2025\/04\/IMG_20231103_145618_574-scaled-e1743947640929-1045x1536.jpg 1045w, https:\/\/www.mindysart.fi\/wp-content\/uploads\/2025\/04\/IMG_20231103_145618_574-scaled-e1743947640929-1394x2048.jpg 1394w, https:\/\/www.mindysart.fi\/wp-content\/uploads\/2025\/04\/IMG_20231103_145618_574-scaled-e1743947640929.jpg 1655w\" sizes=\"auto, (max-width: 697px) 100vw, 697px\" \/><\/figure>\n\n\n\n<figure class=\"wp-block-image size-large\"><img loading=\"lazy\" decoding=\"async\" width=\"250\" height=\"250\" data-id=\"716\" src=\"https:\/\/www.mindysart.fi\/wp-content\/uploads\/2023\/06\/vinssi-e1687765551117.png\" alt=\"\" class=\"wp-image-716\" srcset=\"https:\/\/www.mindysart.fi\/wp-content\/uploads\/2023\/06\/vinssi-e1687765551117.png 250w, https:\/\/www.mindysart.fi\/wp-content\/uploads\/2023\/06\/vinssi-e1687765551117-150x150.png 150w\" sizes=\"auto, (max-width: 250px) 100vw, 250px\" \/><\/figure>\n\n\n\n<figure class=\"wp-block-image size-large\"><img loading=\"lazy\" decoding=\"async\" width=\"454\" height=\"510\" data-id=\"714\" src=\"https:\/\/www.mindysart.fi\/wp-content\/uploads\/2023\/06\/silma-e1687766517781.png\" alt=\"\" class=\"wp-image-714\" srcset=\"https:\/\/www.mindysart.fi\/wp-content\/uploads\/2023\/06\/silma-e1687766517781.png 454w, https:\/\/www.mindysart.fi\/wp-content\/uploads\/2023\/06\/silma-e1687766517781-267x300.png 267w\" sizes=\"auto, (max-width: 454px) 100vw, 454px\" \/><\/figure>\n\n\n\n<figure class=\"wp-block-image size-large\"><img loading=\"lazy\" decoding=\"async\" width=\"425\" height=\"516\" data-id=\"722\" src=\"https:\/\/www.mindysart.fi\/wp-content\/uploads\/2023\/06\/Sieppaa.png\" alt=\"\" class=\"wp-image-722\" srcset=\"https:\/\/www.mindysart.fi\/wp-content\/uploads\/2023\/06\/Sieppaa.png 425w, https:\/\/www.mindysart.fi\/wp-content\/uploads\/2023\/06\/Sieppaa-247x300.png 247w\" sizes=\"auto, (max-width: 425px) 100vw, 425px\" \/><\/figure>\n\n\n\n<figure class=\"wp-block-image size-large\"><img loading=\"lazy\" decoding=\"async\" width=\"497\" height=\"496\" data-id=\"706\" src=\"https:\/\/www.mindysart.fi\/wp-content\/uploads\/2023\/06\/aalto-3.png\" alt=\"\" class=\"wp-image-706\" srcset=\"https:\/\/www.mindysart.fi\/wp-content\/uploads\/2023\/06\/aalto-3.png 497w, https:\/\/www.mindysart.fi\/wp-content\/uploads\/2023\/06\/aalto-3-300x300.png 300w, https:\/\/www.mindysart.fi\/wp-content\/uploads\/2023\/06\/aalto-3-150x150.png 150w\" sizes=\"auto, (max-width: 497px) 100vw, 497px\" \/><\/figure>\n\n\n\n<figure class=\"wp-block-image size-large\"><img loading=\"lazy\" decoding=\"async\" width=\"953\" height=\"1024\" data-id=\"667\" src=\"https:\/\/www.mindysart.fi\/wp-content\/uploads\/2021\/10\/20211017_155543-953x1024.jpg\" alt=\"\" class=\"wp-image-667\" srcset=\"https:\/\/www.mindysart.fi\/wp-content\/uploads\/2021\/10\/20211017_155543-953x1024.jpg 953w, https:\/\/www.mindysart.fi\/wp-content\/uploads\/2021\/10\/20211017_155543-279x300.jpg 279w, https:\/\/www.mindysart.fi\/wp-content\/uploads\/2021\/10\/20211017_155543-768x825.jpg 768w, https:\/\/www.mindysart.fi\/wp-content\/uploads\/2021\/10\/20211017_155543-1430x1536.jpg 1430w, https:\/\/www.mindysart.fi\/wp-content\/uploads\/2021\/10\/20211017_155543-1907x2048.jpg 1907w\" sizes=\"auto, (max-width: 953px) 100vw, 953px\" \/><\/figure>\n\n\n\n<figure class=\"wp-block-image size-large\"><img loading=\"lazy\" decoding=\"async\" width=\"875\" height=\"1024\" data-id=\"972\" src=\"https:\/\/www.mindysart.fi\/wp-content\/uploads\/2025\/04\/Mindys2-875x1024.jpg\" alt=\"\" class=\"wp-image-972\" srcset=\"https:\/\/www.mindysart.fi\/wp-content\/uploads\/2025\/04\/Mindys2-875x1024.jpg 875w, https:\/\/www.mindysart.fi\/wp-content\/uploads\/2025\/04\/Mindys2-256x300.jpg 256w, https:\/\/www.mindysart.fi\/wp-content\/uploads\/2025\/04\/Mindys2-768x899.jpg 768w, https:\/\/www.mindysart.fi\/wp-content\/uploads\/2025\/04\/Mindys2.jpg 1080w\" sizes=\"auto, (max-width: 875px) 100vw, 875px\" \/><\/figure>\n<\/figure>\n\n\n\n<figure class=\"wp-block-gallery has-nested-images columns-default is-cropped wp-block-gallery-2 is-layout-flex wp-block-gallery-is-layout-flex\">\n<figure class=\"wp-block-image size-large\"><img loading=\"lazy\" decoding=\"async\" width=\"1024\" height=\"686\" data-id=\"105\" src=\"https:\/\/www.mindysart.fi\/wp-content\/uploads\/2021\/09\/20210515_175225-1024x686.jpg\" alt=\"\" class=\"wp-image-105\" srcset=\"https:\/\/www.mindysart.fi\/wp-content\/uploads\/2021\/09\/20210515_175225-1024x686.jpg 1024w, https:\/\/www.mindysart.fi\/wp-content\/uploads\/2021\/09\/20210515_175225-300x201.jpg 300w, https:\/\/www.mindysart.fi\/wp-content\/uploads\/2021\/09\/20210515_175225-768x515.jpg 768w, https:\/\/www.mindysart.fi\/wp-content\/uploads\/2021\/09\/20210515_175225-1536x1029.jpg 1536w, https:\/\/www.mindysart.fi\/wp-content\/uploads\/2021\/09\/20210515_175225-2048x1373.jpg 2048w\" sizes=\"auto, (max-width: 1024px) 100vw, 1024px\" \/><figcaption class=\"wp-element-caption\">Er\u00e4s asiakas otti minuun yhteytt\u00e4 ja sanoi: &#8221;piirr\u00e4 mulle hevonen.&#8221; Tein h\u00e4nelle t\u00e4m\u00e4n. L\u00f6ysin vauhdikkaan kuvan hevosesta, joka juoksee vedess\u00e4. Ja koska l\u00f6yt\u00e4m\u00e4ni kuva oli hieman tulitikkurasiaa suurempi, jouduin muokkaamaan lopullista kuvaa useammasta kuvasta piirteiden, ilmeen ja lihasten n\u00e4kyvyyden parantamiseksi. Ty\u00f6 oli haastava, mutta sit\u00e4kin palkitsevampi. Lyijykyn\u00e4ty\u00f6, jossa aavistus lilaa. Kuva on julkaistu asiakkaan suostumuksella. Ty\u00f6n koko A1.<\/figcaption><\/figure>\n<\/figure>\n\n\n\n<p><\/p>\n","protected":false},"excerpt":{"rendered":"","protected":false},"author":1,"featured_media":0,"parent":0,"menu_order":0,"comment_status":"closed","ping_status":"closed","template":"","meta":{"footnotes":""},"class_list":["post-17","page","type-page","status-publish","hentry"],"_links":{"self":[{"href":"https:\/\/www.mindysart.fi\/index.php\/wp-json\/wp\/v2\/pages\/17","targetHints":{"allow":["GET"]}}],"collection":[{"href":"https:\/\/www.mindysart.fi\/index.php\/wp-json\/wp\/v2\/pages"}],"about":[{"href":"https:\/\/www.mindysart.fi\/index.php\/wp-json\/wp\/v2\/types\/page"}],"author":[{"embeddable":true,"href":"https:\/\/www.mindysart.fi\/index.php\/wp-json\/wp\/v2\/users\/1"}],"replies":[{"embeddable":true,"href":"https:\/\/www.mindysart.fi\/index.php\/wp-json\/wp\/v2\/comments?post=17"}],"version-history":[{"count":10,"href":"https:\/\/www.mindysart.fi\/index.php\/wp-json\/wp\/v2\/pages\/17\/revisions"}],"predecessor-version":[{"id":1001,"href":"https:\/\/www.mindysart.fi\/index.php\/wp-json\/wp\/v2\/pages\/17\/revisions\/1001"}],"wp:attachment":[{"href":"https:\/\/www.mindysart.fi\/index.php\/wp-json\/wp\/v2\/media?parent=17"}],"curies":[{"name":"wp","href":"https:\/\/api.w.org\/{rel}","templated":true}]}}