{"id":189,"date":"2021-09-19T09:19:25","date_gmt":"2021-09-19T09:19:25","guid":{"rendered":"https:\/\/www.mindysart.fi\/?page_id=189"},"modified":"2023-06-30T08:39:45","modified_gmt":"2023-06-30T08:39:45","slug":"eettiset-arvoni-ja-turvallisuus","status":"publish","type":"page","link":"https:\/\/www.mindysart.fi\/index.php\/eettiset-arvoni-ja-turvallisuus\/","title":{"rendered":"Eettiset arvoni ja turvallisuus"},"content":{"rendered":"\n<p class=\"has-medium-font-size\">Valmistuin valjassep\u00e4ksi Yp\u00e4j\u00e4n Hevosopistosta luokan parhaana vuonna 2002. T\u00e4m\u00e4n j\u00e4lkeen liityin Suomen Valjas- ja satulasep\u00e4t Ry:n j\u00e4seneksi ja valmistin ty\u00f6n\u00e4ytteen hyv\u00e4ksytysti kis\u00e4lli Heidi Wikstr\u00f6min arvioimana.  Valjassep\u00e4ksi ryhtyess\u00e4ni vannoin noudattavani alan eettisi\u00e4 arvoja ja kunnioittaa valjassep\u00e4n perinteik\u00e4st\u00e4 ja kaunista alaa ammattina.<\/p>\n\n\n\n<div class=\"wp-block-group\"><div class=\"wp-block-group__inner-container is-layout-flow wp-block-group-is-layout-flow\">\n<p class=\"has-pale-cyan-blue-background-color has-background has-medium-font-size\"><strong>Minun eettiset arvoni:<\/strong><\/p>\n\n\n\n<p><\/p>\n<\/div><\/div>\n\n\n\n<ol class=\"wp-block-list\">\n<li>Kunnioitan perinteisi\u00e4 ty\u00f6tapoja<\/li>\n\n\n\n<li>Kehit\u00e4n omaa ammattitaitoani<\/li>\n\n\n\n<li>Arvostan muita alan ammattilaisia ja heid\u00e4n ty\u00f6t\u00e4\u00e4n<\/li>\n\n\n\n<li>S\u00e4ilyt\u00e4n ehdottoman luottamuksen ja salassapitovelvollisuuden asiakkaisiini<\/li>\n\n\n\n<li>Luovutan asiakkaille vain laadukkaita ja turvallisia t\u00f6it\u00e4<\/li>\n\n\n\n<li>Hinnoittelen ty\u00f6t kohtuullisesti<\/li>\n\n\n\n<li>Otan huomioon el\u00e4inten ja ihmisten hyvinvoinnin ja turvallisuuden<\/li>\n\n\n\n<li>Huolehdin omalta osaltani ammattitaitoni siirtymisest\u00e4 seuraaville sukupolville<\/li>\n\n\n\n<li>Noudatan hyvi\u00e4 tapoja ja maan lakeja ja asetuksia<\/li>\n\n\n\n<li>K\u00e4yt\u00e4n vain laadukkaita materiaaleja<\/li>\n<\/ol>\n","protected":false},"excerpt":{"rendered":"<p>Valmistuin valjassep\u00e4ksi Yp\u00e4j\u00e4n Hevosopistosta luokan parhaana vuonna 2002. T\u00e4m\u00e4n j\u00e4lkeen liityin Suomen Valjas- ja satulasep\u00e4t Ry:n j\u00e4seneksi ja valmistin ty\u00f6n\u00e4ytteen hyv\u00e4ksytysti kis\u00e4lli Heidi Wikstr\u00f6min arvioimana. Valjassep\u00e4ksi ryhtyess\u00e4ni vannoin noudattavani alan&hellip;<\/p>\n","protected":false},"author":1,"featured_media":0,"parent":0,"menu_order":0,"comment_status":"closed","ping_status":"closed","template":"","meta":{"footnotes":""},"class_list":["post-189","page","type-page","status-publish","hentry"],"_links":{"self":[{"href":"https:\/\/www.mindysart.fi\/index.php\/wp-json\/wp\/v2\/pages\/189","targetHints":{"allow":["GET"]}}],"collection":[{"href":"https:\/\/www.mindysart.fi\/index.php\/wp-json\/wp\/v2\/pages"}],"about":[{"href":"https:\/\/www.mindysart.fi\/index.php\/wp-json\/wp\/v2\/types\/page"}],"author":[{"embeddable":true,"href":"https:\/\/www.mindysart.fi\/index.php\/wp-json\/wp\/v2\/users\/1"}],"replies":[{"embeddable":true,"href":"https:\/\/www.mindysart.fi\/index.php\/wp-json\/wp\/v2\/comments?post=189"}],"version-history":[{"count":12,"href":"https:\/\/www.mindysart.fi\/index.php\/wp-json\/wp\/v2\/pages\/189\/revisions"}],"predecessor-version":[{"id":745,"href":"https:\/\/www.mindysart.fi\/index.php\/wp-json\/wp\/v2\/pages\/189\/revisions\/745"}],"wp:attachment":[{"href":"https:\/\/www.mindysart.fi\/index.php\/wp-json\/wp\/v2\/media?parent=189"}],"curies":[{"name":"wp","href":"https:\/\/api.w.org\/{rel}","templated":true}]}}