{"id":195,"date":"2021-09-19T09:20:38","date_gmt":"2021-09-19T09:20:38","guid":{"rendered":"https:\/\/www.mindysart.fi\/?page_id=195"},"modified":"2025-10-25T08:08:47","modified_gmt":"2025-10-25T08:08:47","slug":"ihmisille","status":"publish","type":"page","link":"https:\/\/www.mindysart.fi\/index.php\/ihmisille\/","title":{"rendered":"Veneeseen"},"content":{"rendered":"\n<p><\/p>\n\n\n\n<blockquote class=\"wp-block-quote is-style-default is-layout-flow wp-block-quote-is-layout-flow\">\n<p class=\"has-medium-font-size\">Valmistan mittatilausty\u00f6n\u00e4 kaikenlaisia nahkat\u00f6it\u00e4 veneeseesi:<\/p>\n\n\n\n<ul class=\"wp-block-list\">\n<li class=\"has-medium-font-size\">Ruorin nahoitukset<\/li>\n\n\n\n<li class=\"has-medium-font-size\">Kaiteen vanttiruuvin ja T-liitosten nahoitukset<\/li>\n\n\n\n<li class=\"has-medium-font-size\">Sprayhoodin kaaren nahoitukset<\/li>\n\n\n\n<li class=\"has-medium-font-size\">K\u00f6ysien looppien nahoitukset<\/li>\n\n\n\n<li class=\"has-medium-font-size\">Kompassisuojat<\/li>\n\n\n\n<li class=\"has-medium-font-size\">Karttasarjataskut<\/li>\n\n\n\n<li class=\"has-medium-font-size\">Karttaputket<\/li>\n\n\n\n<li class=\"has-medium-font-size\">Mukisuojat<\/li>\n\n\n\n<li class=\"has-medium-font-size\">Avaimenper\u00e4t<\/li>\n<\/ul>\n\n\n\n<p class=\"has-text-align-left has-medium-font-size\">Nahoitukseen k\u00e4yt\u00e4n n. 1,2 mm suomalaista hirvenvuotaa. Karttasarjataskuihin, karttaputkiin ja mukisuojiin k\u00e4yt\u00e4n 4 mm:st\u00e4 T\u00e4rnsj\u00f6n Prinma Plattia. Valmistan kaiken k\u00e4sity\u00f6n\u00e4 ja mittaukset teen mielell\u00e4ni suoraan veneell\u00e4si parhaan tuloksen saamiseksi. Ruorit nahoitan kotiverstaalla Naantalissa.<\/p>\n<\/blockquote>\n\n\n\n<p><\/p>\n\n\n\n<figure class=\"wp-block-gallery has-nested-images columns-default is-cropped wp-block-gallery-1 is-layout-flex wp-block-gallery-is-layout-flex\">\n<figure class=\"wp-block-image size-full\"><img loading=\"lazy\" decoding=\"async\" width=\"243\" height=\"242\" data-id=\"826\" src=\"https:\/\/www.mindysart.fi\/wp-content\/uploads\/2025\/04\/Nayttokuva-2025-04-06-144035.png\" alt=\"\" class=\"wp-image-826\" srcset=\"https:\/\/www.mindysart.fi\/wp-content\/uploads\/2025\/04\/Nayttokuva-2025-04-06-144035.png 243w, https:\/\/www.mindysart.fi\/wp-content\/uploads\/2025\/04\/Nayttokuva-2025-04-06-144035-150x150.png 150w\" sizes=\"auto, (max-width: 243px) 100vw, 243px\" \/><\/figure>\n\n\n\n<figure class=\"wp-block-image size-full\"><img loading=\"lazy\" decoding=\"async\" width=\"240\" height=\"240\" data-id=\"824\" src=\"https:\/\/www.mindysart.fi\/wp-content\/uploads\/2025\/04\/Nayttokuva-2025-04-06-143753.png\" alt=\"\" class=\"wp-image-824\" srcset=\"https:\/\/www.mindysart.fi\/wp-content\/uploads\/2025\/04\/Nayttokuva-2025-04-06-143753.png 240w, https:\/\/www.mindysart.fi\/wp-content\/uploads\/2025\/04\/Nayttokuva-2025-04-06-143753-150x150.png 150w\" sizes=\"auto, (max-width: 240px) 100vw, 240px\" \/><\/figure>\n\n\n\n<figure class=\"wp-block-image size-full\"><img loading=\"lazy\" decoding=\"async\" width=\"232\" height=\"236\" data-id=\"823\" src=\"https:\/\/www.mindysart.fi\/wp-content\/uploads\/2025\/04\/Nayttokuva-2025-04-06-143906.png\" alt=\"\" class=\"wp-image-823\"\/><\/figure>\n<\/figure>\n\n\n\n<p><\/p>\n\n\n\n<figure class=\"wp-block-gallery has-nested-images columns-default is-cropped wp-block-gallery-2 is-layout-flex wp-block-gallery-is-layout-flex\">\n<figure class=\"wp-block-image size-large\"><img loading=\"lazy\" decoding=\"async\" width=\"462\" height=\"1024\" data-id=\"827\" src=\"https:\/\/www.mindysart.fi\/wp-content\/uploads\/2025\/04\/20240804_205151-462x1024.jpg\" alt=\"\" class=\"wp-image-827\" srcset=\"https:\/\/www.mindysart.fi\/wp-content\/uploads\/2025\/04\/20240804_205151-462x1024.jpg 462w, https:\/\/www.mindysart.fi\/wp-content\/uploads\/2025\/04\/20240804_205151-135x300.jpg 135w, https:\/\/www.mindysart.fi\/wp-content\/uploads\/2025\/04\/20240804_205151-768x1704.jpg 768w, https:\/\/www.mindysart.fi\/wp-content\/uploads\/2025\/04\/20240804_205151-692x1536.jpg 692w, https:\/\/www.mindysart.fi\/wp-content\/uploads\/2025\/04\/20240804_205151-923x2048.jpg 923w, https:\/\/www.mindysart.fi\/wp-content\/uploads\/2025\/04\/20240804_205151-scaled.jpg 1154w\" sizes=\"auto, (max-width: 462px) 100vw, 462px\" \/><\/figure>\n\n\n\n<figure class=\"wp-block-image size-large is-style-default\"><img loading=\"lazy\" decoding=\"async\" width=\"467\" height=\"1024\" data-id=\"816\" src=\"https:\/\/www.mindysart.fi\/wp-content\/uploads\/2025\/04\/20241014_110555-467x1024.jpg\" alt=\"\" class=\"wp-image-816\" srcset=\"https:\/\/www.mindysart.fi\/wp-content\/uploads\/2025\/04\/20241014_110555-467x1024.jpg 467w, https:\/\/www.mindysart.fi\/wp-content\/uploads\/2025\/04\/20241014_110555-137x300.jpg 137w, https:\/\/www.mindysart.fi\/wp-content\/uploads\/2025\/04\/20241014_110555-768x1683.jpg 768w, https:\/\/www.mindysart.fi\/wp-content\/uploads\/2025\/04\/20241014_110555-701x1536.jpg 701w, https:\/\/www.mindysart.fi\/wp-content\/uploads\/2025\/04\/20241014_110555-935x2048.jpg 935w, https:\/\/www.mindysart.fi\/wp-content\/uploads\/2025\/04\/20241014_110555-scaled.jpg 1168w\" sizes=\"auto, (max-width: 467px) 100vw, 467px\" \/><\/figure>\n\n\n\n<figure class=\"wp-block-image size-full is-style-default\"><img loading=\"lazy\" decoding=\"async\" width=\"1003\" height=\"1988\" data-id=\"973\" src=\"https:\/\/www.mindysart.fi\/wp-content\/uploads\/2025\/04\/Mindys3-scaled-e1745328314775.jpg\" alt=\"\" class=\"wp-image-973\" srcset=\"https:\/\/www.mindysart.fi\/wp-content\/uploads\/2025\/04\/Mindys3-scaled-e1745328314775.jpg 1003w, https:\/\/www.mindysart.fi\/wp-content\/uploads\/2025\/04\/Mindys3-scaled-e1745328314775-151x300.jpg 151w, https:\/\/www.mindysart.fi\/wp-content\/uploads\/2025\/04\/Mindys3-scaled-e1745328314775-517x1024.jpg 517w, https:\/\/www.mindysart.fi\/wp-content\/uploads\/2025\/04\/Mindys3-scaled-e1745328314775-768x1522.jpg 768w, https:\/\/www.mindysart.fi\/wp-content\/uploads\/2025\/04\/Mindys3-scaled-e1745328314775-775x1536.jpg 775w\" sizes=\"auto, (max-width: 1003px) 100vw, 1003px\" \/><\/figure>\n<\/figure>\n\n\n\n<figure class=\"wp-block-gallery has-nested-images columns-default is-cropped wp-block-gallery-3 is-layout-flex wp-block-gallery-is-layout-flex\"><\/figure>\n\n\n<div class=\"wp-block-image\">\n<figure class=\"aligncenter size-large is-resized\"><img loading=\"lazy\" decoding=\"async\" width=\"1024\" height=\"968\" src=\"https:\/\/www.mindysart.fi\/wp-content\/uploads\/2025\/04\/mindys1-1024x968.jpg\" alt=\"\" class=\"wp-image-971\" style=\"width:587px;height:auto\"\/><\/figure>\n<\/div>","protected":false},"excerpt":{"rendered":"","protected":false},"author":1,"featured_media":0,"parent":0,"menu_order":0,"comment_status":"closed","ping_status":"closed","template":"","meta":{"footnotes":""},"class_list":["post-195","page","type-page","status-publish","hentry"],"_links":{"self":[{"href":"https:\/\/www.mindysart.fi\/index.php\/wp-json\/wp\/v2\/pages\/195","targetHints":{"allow":["GET"]}}],"collection":[{"href":"https:\/\/www.mindysart.fi\/index.php\/wp-json\/wp\/v2\/pages"}],"about":[{"href":"https:\/\/www.mindysart.fi\/index.php\/wp-json\/wp\/v2\/types\/page"}],"author":[{"embeddable":true,"href":"https:\/\/www.mindysart.fi\/index.php\/wp-json\/wp\/v2\/users\/1"}],"replies":[{"embeddable":true,"href":"https:\/\/www.mindysart.fi\/index.php\/wp-json\/wp\/v2\/comments?post=195"}],"version-history":[{"count":19,"href":"https:\/\/www.mindysart.fi\/index.php\/wp-json\/wp\/v2\/pages\/195\/revisions"}],"predecessor-version":[{"id":1061,"href":"https:\/\/www.mindysart.fi\/index.php\/wp-json\/wp\/v2\/pages\/195\/revisions\/1061"}],"wp:attachment":[{"href":"https:\/\/www.mindysart.fi\/index.php\/wp-json\/wp\/v2\/media?parent=195"}],"curies":[{"name":"wp","href":"https:\/\/api.w.org\/{rel}","templated":true}]}}