{"id":201,"date":"2021-09-19T09:21:40","date_gmt":"2021-09-19T09:21:40","guid":{"rendered":"https:\/\/www.mindysart.fi\/?page_id=201"},"modified":"2026-03-17T10:05:14","modified_gmt":"2026-03-17T10:05:14","slug":"hinnasto","status":"publish","type":"page","link":"https:\/\/www.mindysart.fi\/index.php\/hinnasto\/","title":{"rendered":"Hinnasto"},"content":{"rendered":"\n<p><\/p>\n\n\n\n<p class=\"has-text-align-center has-foreground-color has-pale-cyan-blue-background-color has-text-color has-background has-medium-font-size\"><strong>VENEESEEN <\/strong><\/p>\n\n\n\n<p class=\"has-medium-font-size\"><strong>RUORIN NAHOITUS<\/strong><\/p>\n\n\n\n<ul class=\"wp-block-list\">\n<li class=\"has-medium-font-size\">Ruori 80 cm 440 \u20ac (veroton 350,60 \u20ac)<\/li>\n\n\n\n<li class=\"has-medium-font-size\">Ruori 90 cm 460 \u20ac (veroton 366,50 \u20ac)<\/li>\n\n\n\n<li class=\"has-medium-font-size\">Ruori 100 cm 480 \u20ac   (veroton 382,50 \u20ac)<\/li>\n\n\n\n<li class=\"has-medium-font-size\">Ruori 110 cm 500 \u20ac (veroton 398,40 \u20ac)<\/li>\n\n\n\n<li class=\"has-medium-font-size\">Ruori 120 cm 530 \u20ac   (veroton 422,30 \u20ac)<\/li>\n\n\n\n<li class=\"has-medium-font-size\">Ruori 130 cm 560 \u20ac   (veroton 446,20 \u20ac)<\/li>\n\n\n\n<li class=\"has-medium-font-size\">Ruori 140 cm 580 \u20ac (veroton 462,15 \u20ac)<\/li>\n\n\n\n<li class=\"has-medium-font-size\">Ruori 150 cm 600 \u20ac (veroton 478,10 \u20ac)<\/li>\n\n\n\n<li class=\"has-medium-font-size\">Ruori 160 cm 620 \u20ac (veroton 494,00 \u20ac)<\/li>\n<\/ul>\n\n\n\n<p><\/p>\n\n\n\n<p class=\"has-medium-font-size\"><strong>MUUT NAHOITUKSET<\/strong><\/p>\n\n\n\n<ul class=\"wp-block-list\">\n<li class=\"has-medium-font-size\">Sprayhoodin k\u00e4densijan nahoitus 185 \u20ac   (veroton 147,40 \u20ac)<\/li>\n\n\n\n<li class=\"has-medium-font-size\">K\u00f6yden loopin nahoitus hirvenhaljaksella alkaen 70 \u20ac\/kpl (40 cm) (veroton 55,80 \u20ac)<\/li>\n\n\n\n<li class=\"has-medium-font-size\">K\u00f6yden loopin suojaus akryylikankaalla alkaen 25 \u20ac\/kpl (40 cm) (veroton 19,90 \u20ac)<\/li>\n<\/ul>\n\n\n\n<p><\/p>\n\n\n\n<p class=\"has-medium-font-size\"><strong>MUUTA<\/strong><\/p>\n\n\n\n<ul class=\"wp-block-list\">\n<li class=\"has-medium-font-size\">Merikarttaputki (halk. 8 cm, pit. 85 cm) 525 \u20ac  (veroton 418,30 \u20ac)<\/li>\n\n\n\n<li class=\"has-medium-font-size\">Karttasarjatasku 52 cm x 39 cm (etu, ja takaosa pvc-muovia, reunat acryl) 35 \u20ac (veroton 27,90 \u20ac)<\/li>\n\n\n\n<li class=\"has-medium-font-size\">Tablettitasku (acryl takaosa pvc-etuosa) xx \u20ac (veroton xx \u20ac)<\/li>\n\n\n\n<li class=\"has-medium-font-size\">Sail-avaimenper\u00e4 17 \u20ac  (veroton 13,50 \u20ac)<\/li>\n<\/ul>\n\n\n\n<div class=\"wp-block-group has-pale-cyan-blue-background-color has-background is-vertical is-layout-flex wp-container-core-group-is-layout-8cf370e7 wp-block-group-is-layout-flex\">\n<p>Verhoiluun k\u00e4yt\u00e4n Suomalaista, Lapissa kasvaneen hirven haljasnahkaa.<\/p>\n\n\n\n<p>Ompelen my\u00f6s asiakkaan itse hankkiman nahan ruoriin, t\u00e4ll\u00f6in hinnasta v\u00e4hennet\u00e4\u00e4n materiaalikulut. <\/p>\n\n\n\n<p>Karttaputket teen T\u00e4rnsj\u00f6n 4 mm paksusta Prima Platista.<\/p>\n\n\n\n<p>Hinnat sis\u00e4lt\u00e4v\u00e4t ty\u00f6n, materiaalin ja alv:n 25,5%.<\/p>\n\n\n\n<p>Erikoisty\u00f6t hinnoitellaan tuntity\u00f6n\u00e4 35\u20ac\/h (sis. alv)<\/p>\n<\/div>\n\n\n\n<p><\/p>\n\n\n\n<figure class=\"wp-block-gallery has-nested-images columns-default is-cropped wp-block-gallery-1 is-layout-flex wp-block-gallery-is-layout-flex\">\n<figure class=\"wp-block-image size-large\"><img loading=\"lazy\" decoding=\"async\" width=\"462\" height=\"1024\" data-id=\"827\" src=\"https:\/\/www.mindysart.fi\/wp-content\/uploads\/2025\/04\/20240804_205151-462x1024.jpg\" alt=\"\" class=\"wp-image-827\" srcset=\"https:\/\/www.mindysart.fi\/wp-content\/uploads\/2025\/04\/20240804_205151-462x1024.jpg 462w, https:\/\/www.mindysart.fi\/wp-content\/uploads\/2025\/04\/20240804_205151-135x300.jpg 135w, https:\/\/www.mindysart.fi\/wp-content\/uploads\/2025\/04\/20240804_205151-768x1704.jpg 768w, https:\/\/www.mindysart.fi\/wp-content\/uploads\/2025\/04\/20240804_205151-692x1536.jpg 692w, https:\/\/www.mindysart.fi\/wp-content\/uploads\/2025\/04\/20240804_205151-923x2048.jpg 923w, https:\/\/www.mindysart.fi\/wp-content\/uploads\/2025\/04\/20240804_205151-scaled.jpg 1154w\" sizes=\"auto, (max-width: 462px) 100vw, 462px\" \/><\/figure>\n\n\n\n<figure class=\"wp-block-image size-large\"><img loading=\"lazy\" decoding=\"async\" width=\"232\" height=\"236\" data-id=\"823\" src=\"https:\/\/www.mindysart.fi\/wp-content\/uploads\/2025\/04\/Nayttokuva-2025-04-06-143906.png\" alt=\"\" class=\"wp-image-823\"\/><\/figure>\n\n\n\n<figure class=\"wp-block-image size-large\"><img loading=\"lazy\" decoding=\"async\" width=\"723\" height=\"1024\" data-id=\"817\" src=\"https:\/\/www.mindysart.fi\/wp-content\/uploads\/2025\/04\/20241117_141043-723x1024.jpg\" alt=\"\" class=\"wp-image-817\" srcset=\"https:\/\/www.mindysart.fi\/wp-content\/uploads\/2025\/04\/20241117_141043-723x1024.jpg 723w, https:\/\/www.mindysart.fi\/wp-content\/uploads\/2025\/04\/20241117_141043-212x300.jpg 212w, https:\/\/www.mindysart.fi\/wp-content\/uploads\/2025\/04\/20241117_141043-768x1088.jpg 768w, https:\/\/www.mindysart.fi\/wp-content\/uploads\/2025\/04\/20241117_141043-1085x1536.jpg 1085w, https:\/\/www.mindysart.fi\/wp-content\/uploads\/2025\/04\/20241117_141043-1446x2048.jpg 1446w, https:\/\/www.mindysart.fi\/wp-content\/uploads\/2025\/04\/20241117_141043-scaled.jpg 1808w\" sizes=\"auto, (max-width: 723px) 100vw, 723px\" \/><\/figure>\n<\/figure>\n\n\n\n<div class=\"wp-block-group has-white-background-color has-background\"><div class=\"wp-block-group__inner-container is-layout-flow wp-block-group-is-layout-flow\">\n<p class=\"has-text-align-center has-white-background-color has-background has-medium-font-size\"><strong>HEVOSILLE<\/strong><\/p>\n\n\n\n<div class=\"wp-block-group\"><div class=\"wp-block-group__inner-container is-layout-flow wp-block-group-is-layout-flow\">\n<div class=\"wp-block-group\"><div class=\"wp-block-group__inner-container is-layout-flow wp-block-group-is-layout-flow\">\n<div class=\"wp-block-buttons is-content-justification-left is-layout-flex wp-container-core-buttons-is-layout-fdcfc74e wp-block-buttons-is-layout-flex\">\n<div class=\"wp-block-button\"><a class=\"wp-block-button__link has-black-color has-pale-cyan-blue-background-color has-text-color has-background has-link-color wp-element-button\"><strong>RIIMUT<\/strong><\/a><\/div>\n<\/div>\n\n\n\n<p class=\"has-text-align-left has-medium-font-size\">Nahkariimu, ilman pehmusteita, kiinte\u00e4 turpahihna <\/p>\n\n\n\n<div class=\"wp-block-group\"><div class=\"wp-block-group__inner-container is-layout-flow wp-block-group-is-layout-flow\">\n<ul class=\"wp-block-list has-medium-font-size\">\n<li> Pony 140\u20ac<\/li>\n\n\n\n<li>Cob 150\u20ac<\/li>\n\n\n\n<li>Full 160\u20ac<\/li>\n\n\n\n<li>X-full 170\u20ac<\/li>\n<\/ul>\n\n\n\n<p class=\"has-text-align-left has-black-color has-white-background-color has-text-color has-background has-link-color has-medium-font-size wp-elements-75392f658529934aa086b2af7321bea9\">Nahkariimu pehmusteilla, kiinte\u00e4 turpahihna<\/p>\n<\/div><\/div>\n\n\n\n<ul class=\"wp-block-list has-medium-font-size\">\n<li>Pony 160\u20ac<\/li>\n\n\n\n<li>Cob 170\u20ac<\/li>\n\n\n\n<li>Full 180\u20ac<\/li>\n\n\n\n<li>X-full 190\u20ac <\/li>\n<\/ul>\n\n\n<div class=\"wp-block-image\">\n<figure class=\"alignright size-large is-resized\"><img loading=\"lazy\" decoding=\"async\" width=\"1024\" height=\"768\" src=\"https:\/\/www.mindysart.fi\/wp-content\/uploads\/2021\/09\/DSC01196-1024x768.jpg\" alt=\"\" class=\"wp-image-120\" style=\"width:285px;height:auto\" srcset=\"https:\/\/www.mindysart.fi\/wp-content\/uploads\/2021\/09\/DSC01196-1024x768.jpg 1024w, https:\/\/www.mindysart.fi\/wp-content\/uploads\/2021\/09\/DSC01196-300x225.jpg 300w, https:\/\/www.mindysart.fi\/wp-content\/uploads\/2021\/09\/DSC01196-768x576.jpg 768w, https:\/\/www.mindysart.fi\/wp-content\/uploads\/2021\/09\/DSC01196-1536x1152.jpg 1536w, https:\/\/www.mindysart.fi\/wp-content\/uploads\/2021\/09\/DSC01196-2048x1536.jpg 2048w\" sizes=\"auto, (max-width: 1024px) 100vw, 1024px\" \/><\/figure>\n<\/div>\n\n\n<p class=\"has-medium-font-size\">Nahkanarkki alk. 35\u20ac<\/p>\n\n\n\n<p class=\"has-medium-font-size\">Nahkanarkki ketjulla alk. 45\u20ac<\/p>\n<\/div><\/div>\n<\/div><\/div>\n\n\n\n<p><em>Hintoihin lis\u00e4t\u00e4\u00e4n alv 25,5%<\/em><\/p>\n\n\n\n<div class=\"wp-block-group\"><div class=\"wp-block-group__inner-container is-layout-flow wp-block-group-is-layout-flow\">\n<div class=\"wp-block-buttons is-content-justification-left is-layout-flex wp-container-core-buttons-is-layout-fdcfc74e wp-block-buttons-is-layout-flex\">\n<div class=\"wp-block-button\"><a class=\"wp-block-button__link has-black-color has-pale-cyan-blue-background-color has-text-color has-background has-link-color wp-element-button\"><strong>SUITSET<\/strong><\/a><\/div>\n<\/div>\n\n\n\n<p class=\"has-medium-font-size\">Perussuitset ilman pehmusteita 160\u20ac<\/p>\n\n\n\n<p class=\"has-medium-font-size\">Perussuitset pehmusteella 190\u20ac<\/p>\n\n\n\n<p class=\"has-medium-font-size\">Suitset, joissa turpahihna ja niskahihna profiloitu ja pehmustettu alk. 250\u20ac<\/p>\n\n\n\n<p class=\"has-medium-font-size\">Kankisuitset 270\u20ac<\/p>\n<\/div><\/div>\n\n\n\n<p><em>Hintoihin lis\u00e4t\u00e4\u00e4n alv 25,5%<\/em><\/p>\n\n\n\n<p><\/p>\n\n\n\n<p><\/p>\n\n\n\n<div class=\"wp-block-group\"><div class=\"wp-block-group__inner-container is-layout-flow wp-block-group-is-layout-flow\">\n<div class=\"wp-block-group\"><div class=\"wp-block-group__inner-container is-layout-flow wp-block-group-is-layout-flow\">\n<p class=\"has-text-align-left has-white-background-color has-background has-medium-font-size\"><strong>SUITSIEN ERI OSIEN YKSITT\u00c4ISHINNAT<\/strong><\/p>\n<\/div><\/div>\n\n\n\n<p><\/p>\n\n\n\n<p class=\"has-medium-font-size\">Turpahihna yksinkertaisella nahalla, ei pehmustetta 40\u20ac<\/p>\n\n\n\n<p class=\"has-medium-font-size\">Turpahihna pehmustettu 60\u20ac<\/p>\n\n\n\n<p class=\"has-medium-font-size\">Turpahihna profiloitu ja pehmustettu 80\u20ac<\/p>\n\n\n\n<p class=\"has-medium-font-size\">Poskihihnat soljilla 65 \u20ac\/pari<\/p>\n\n\n\n<p class=\"has-medium-font-size\">Poskihihnat suitsikoukuilla 60\u20ac\/pari<\/p>\n\n\n\n<p class=\"has-medium-font-size\">Otsapanta yksinkertaisella nahalla, ei pehmustetta 30\u20ac<\/p>\n\n\n\n<p class=\"has-medium-font-size\">Otsapanta pehmusteella 50\u20ac<\/p>\n\n\n\n<p class=\"has-medium-font-size\">Otsapanta profiloitu ja pehmustettu 60\u20ac<\/p>\n\n\n\n<p class=\"has-medium-font-size\">Niskahihna yksinkertaisella nahalla, ei pehmustetta 40\u20ac<\/p>\n\n\n\n<p class=\"has-medium-font-size\">Niskahihna pehmusteella 50\u20ac<\/p>\n\n\n\n<p class=\"has-medium-font-size\">Niskahihna profiloitu ja pehmustettu 60\u20ac<\/p>\n\n\n\n<p class=\"has-medium-font-size\">Alaturpahihna 15\u20ac<\/p>\n\n\n\n<p class=\"has-medium-font-size\">Py\u00f6r\u00f6ommellut suitset hinnoitellaan erikseen.<\/p>\n\n\n\n<p><em>Hintoihin lis\u00e4t\u00e4\u00e4n alv 25,5%<\/em><\/p>\n<\/div><\/div>\n<\/div><\/div>\n\n\n\n<div class=\"wp-block-group\"><div class=\"wp-block-group__inner-container is-layout-flow wp-block-group-is-layout-flow\">\n<div class=\"wp-block-group has-white-background-color has-background\"><div class=\"wp-block-group__inner-container is-layout-flow wp-block-group-is-layout-flow\">\n<div class=\"wp-block-buttons is-content-justification-left is-layout-flex wp-container-core-buttons-is-layout-fdcfc74e wp-block-buttons-is-layout-flex\">\n<div class=\"wp-block-button\"><a class=\"wp-block-button__link has-black-color has-pale-cyan-blue-background-color has-text-color has-background has-link-color wp-element-button\"><strong>KOIRILLE JA KISSOILLE<\/strong><\/a><\/div>\n<\/div>\n\n\n\n<div class=\"wp-block-group\"><div class=\"wp-block-group__inner-container is-layout-flow wp-block-group-is-layout-flow\">\n<p class=\"has-medium-font-size\">Pannat ilman pehmustetta ja koristeita alk. <\/p>\n\n\n\n<ul class=\"wp-block-list has-medium-font-size\">\n<li>XS 35\u20ac<\/li>\n\n\n\n<li>S 40\u20ac<\/li>\n\n\n\n<li>M 45\u20ac<\/li>\n\n\n\n<li>L 50\u20ac<\/li>\n<\/ul>\n\n\n\n<p class=\"has-medium-font-size\">Pannat pehmusteella alk. <\/p>\n\n\n<div class=\"wp-block-image\">\n<figure class=\"alignright size-large is-resized\"><img loading=\"lazy\" decoding=\"async\" width=\"1024\" height=\"768\" src=\"https:\/\/www.mindysart.fi\/wp-content\/uploads\/2021\/09\/DSC05753-1024x768.jpg\" alt=\"\" class=\"wp-image-130\" style=\"width:278px;height:208px\" srcset=\"https:\/\/www.mindysart.fi\/wp-content\/uploads\/2021\/09\/DSC05753-1024x768.jpg 1024w, https:\/\/www.mindysart.fi\/wp-content\/uploads\/2021\/09\/DSC05753-300x225.jpg 300w, https:\/\/www.mindysart.fi\/wp-content\/uploads\/2021\/09\/DSC05753-768x576.jpg 768w, https:\/\/www.mindysart.fi\/wp-content\/uploads\/2021\/09\/DSC05753-1536x1152.jpg 1536w, https:\/\/www.mindysart.fi\/wp-content\/uploads\/2021\/09\/DSC05753-2048x1536.jpg 2048w\" sizes=\"auto, (max-width: 1024px) 100vw, 1024px\" \/><\/figure>\n<\/div>\n\n\n<ul class=\"wp-block-list has-medium-font-size\">\n<li>XS 45\u20ac<\/li>\n\n\n\n<li>S 50\u20ac<\/li>\n\n\n\n<li>M 55\u20ac<\/li>\n\n\n\n<li>L 60\u20ac<\/li>\n<\/ul>\n\n\n\n<p class=\"has-medium-font-size\">Puolikuristava panta (kuvassa)<\/p>\n\n\n\n<ul class=\"wp-block-list has-medium-font-size\">\n<li>XS 45\u20ac<\/li>\n\n\n\n<li>S 50\u20ac<\/li>\n\n\n\n<li>M 55\u20ac<\/li>\n\n\n\n<li>L 60\u20ac<\/li>\n<\/ul>\n\n\n\n<p class=\"has-medium-font-size\">Pantaan tuleva punos\/kirjailu\/koristeniitti +15\u20ac<\/p>\n\n\n\n<p class=\"has-medium-font-size\">Py\u00f6r\u00f6ommeltu panta<\/p>\n\n\n\n<ul class=\"wp-block-list has-medium-font-size\">\n<li>XS 45\u20ac<\/li>\n\n\n\n<li>S 50\u20ac<\/li>\n\n\n\n<li>M 55\u20ac<\/li>\n\n\n\n<li>L 60\u20ac<\/li>\n<\/ul>\n\n\n\n<p class=\"has-medium-font-size\">Py\u00f6r\u00f6ommeltu kuristava panta <\/p>\n\n\n\n<ul class=\"wp-block-list has-medium-font-size\">\n<li>XS 40\u20ac<\/li>\n\n\n\n<li>S 50\u20ac<\/li>\n\n\n\n<li>M 55\u20ac<\/li>\n\n\n\n<li>L 60\u20ac<\/li>\n<\/ul>\n\n\n\n<p class=\"has-medium-font-size\">Taluttimet alk. 30\u20ac<\/p>\n\n\n\n<p class=\"has-medium-font-size\">N\u00e4yttelytalutin alk. 35\u20ac<\/p>\n\n\n\n<p class=\"has-medium-font-size\">Koristepunos\/-kirjailu tai -niitit taluttimeen +15\u20ac<\/p>\n\n\n\n<p class=\"has-medium-font-size\">Valjaat (perus ilman pehmustetta XS-koko) alk. 55\u20ac<\/p>\n\n\n\n<p class=\"has-medium-font-size\">Valjaat pehmusteella XS-koko alk. 65\u20ac<\/p>\n<\/div><\/div>\n<\/div><\/div>\n<\/div><\/div>\n\n\n\n<p><em>Hintoihin lis\u00e4t\u00e4\u00e4n alv 25,5%<\/em><\/p>\n\n\n\n<p><\/p>\n\n\n\n<div class=\"wp-block-group has-white-background-color has-background\"><div class=\"wp-block-group__inner-container is-layout-flow wp-block-group-is-layout-flow\">\n<div class=\"wp-block-buttons is-content-justification-left is-layout-flex wp-container-core-buttons-is-layout-fdcfc74e wp-block-buttons-is-layout-flex\">\n<div class=\"wp-block-button\"><a class=\"wp-block-button__link has-black-color has-pale-cyan-blue-background-color has-text-color has-background has-link-color wp-element-button\"><strong>MUUTA<\/strong><\/a><\/div>\n<\/div>\n\n\n\n<p class=\"has-medium-font-size\">Vy\u00f6t alk. 35\u20ac<\/p>\n\n\n\n<p class=\"has-medium-font-size\">Avaimenper\u00e4t alk. 7\u20ac<\/p>\n\n\n\n<p class=\"has-medium-font-size\">Kirjanmerkit alk. 10\u20ac<\/p>\n\n\n\n<p class=\"has-medium-font-size\">Kepot alk. 30\u20ac<\/p>\n\n\n\n<p class=\"has-medium-font-size\">Asehihnat alk. 60\u20ac<\/p>\n\n\n\n<p class=\"has-medium-font-size\">Kitaran hihna, s\u00e4\u00e4dett\u00e4v\u00e4 alk. 60\u20ac<\/p>\n\n\n\n<p class=\"has-medium-font-size\">Erikoistilaukset hinnoitellaan tapauksen mukaan.<\/p>\n\n\n\n<p><em>Hintoihin lis\u00e4t\u00e4\u00e4n alv 25,5%<\/em><\/p>\n<\/div><\/div>\n\n\n\n<div class=\"wp-block-group has-white-background-color has-background\"><div class=\"wp-block-group__inner-container is-layout-flow wp-block-group-is-layout-flow\">\n<p><\/p>\n\n\n\n<p><\/p>\n\n\n\n<div class=\"wp-block-buttons is-content-justification-left is-layout-flex wp-container-core-buttons-is-layout-fdcfc74e wp-block-buttons-is-layout-flex\">\n<div class=\"wp-block-button\"><a class=\"wp-block-button__link has-black-color has-pale-cyan-blue-background-color has-text-color has-background has-link-color wp-element-button\"><strong>MUUTA<\/strong><\/a><\/div>\n<\/div>\n\n\n\n<ul class=\"wp-block-list has-medium-font-size\">\n<li>Korjaukset 35 \u20ac\/h sis. alv (my\u00f6s moottoripy\u00f6r\u00e4n sivulaukut)<\/li>\n\n\n\n<li>Uuden valmistus 35 \u20ac\/h sis. alv<\/li>\n<\/ul>\n<\/div><\/div>\n\n\n\n<p><\/p>\n\n\n\n<div class=\"wp-block-group has-pale-cyan-blue-background-color has-background is-vertical is-content-justification-left is-layout-flex wp-container-core-group-is-layout-c0ca7d81 wp-block-group-is-layout-flex\">\n<p class=\"has-medium-font-size\">Tuotteiden lopullinen hinta m\u00e4\u00e4r\u00e4ytyy materiaalin ja mahdollisen koristelun, niittien, punosten tms. mukaan. <\/p>\n\n\n\n<p class=\"has-medium-font-size\">Yli 250\u20ac:n tilauksissa ennakkomaksu, mik\u00e4 on 50% tuotteen loppuhinnasta.<\/p>\n\n\n\n<p class=\"has-medium-font-size\">Hinnat sis\u00e4lt\u00e4v\u00e4t pientarvikelis\u00e4n.<\/p>\n\n\n\n<p class=\"has-medium-font-size\">Mittatilaust\u00f6ill\u00e4 on palautusoikeus (ei vaihto-oikeutta), tuolloin hinnasta pid\u00e4tet\u00e4\u00e4n 50%.<\/p>\n\n\n\n<p class=\"has-medium-font-size\">Mittatilaust\u00f6ill\u00e4 on 2 vuoden ommeltakuu.<\/p>\n\n\n\n<p class=\"has-medium-font-size\">Erikoistilaukset hinnoitellaan materiaalin ja ty\u00f6n mukaan.<\/p>\n\n\n\n<p class=\"has-medium-font-size\">Tuotteet toimitetaan postitse tai valmiin tuotteen voi noutaa kotiverstaalta. <\/p>\n\n\n\n<p><\/p>\n\n\n\n<p class=\"has-medium-font-size\"><strong>Huom! Veneeseen tulevat mittatilausty\u00f6t mitataan mahd. mukaan veneell\u00e4. Tarkemmat ohjeet tilauksen yhteydess\u00e4.<\/strong><\/p>\n\n\n\n<p>Mindys Art pid\u00e4tt\u00e4\u00e4 oikeuden muutoksiin<\/p>\n<\/div>\n\n\n\n<p><\/p>\n\n\n\n<p><\/p>\n","protected":false},"excerpt":{"rendered":"<p>VENEESEEN RUORIN NAHOITUS MUUT NAHOITUKSET MUUTA Verhoiluun k\u00e4yt\u00e4n Suomalaista, Lapissa kasvaneen hirven haljasnahkaa. Ompelen my\u00f6s asiakkaan itse hankkiman nahan ruoriin, t\u00e4ll\u00f6in hinnasta v\u00e4hennet\u00e4\u00e4n materiaalikulut. Karttaputket teen T\u00e4rnsj\u00f6n 4 mm paksusta&hellip;<\/p>\n","protected":false},"author":1,"featured_media":0,"parent":0,"menu_order":0,"comment_status":"closed","ping_status":"closed","template":"","meta":{"footnotes":""},"class_list":["post-201","page","type-page","status-publish","hentry"],"_links":{"self":[{"href":"https:\/\/www.mindysart.fi\/index.php\/wp-json\/wp\/v2\/pages\/201","targetHints":{"allow":["GET"]}}],"collection":[{"href":"https:\/\/www.mindysart.fi\/index.php\/wp-json\/wp\/v2\/pages"}],"about":[{"href":"https:\/\/www.mindysart.fi\/index.php\/wp-json\/wp\/v2\/types\/page"}],"author":[{"embeddable":true,"href":"https:\/\/www.mindysart.fi\/index.php\/wp-json\/wp\/v2\/users\/1"}],"replies":[{"embeddable":true,"href":"https:\/\/www.mindysart.fi\/index.php\/wp-json\/wp\/v2\/comments?post=201"}],"version-history":[{"count":71,"href":"https:\/\/www.mindysart.fi\/index.php\/wp-json\/wp\/v2\/pages\/201\/revisions"}],"predecessor-version":[{"id":1229,"href":"https:\/\/www.mindysart.fi\/index.php\/wp-json\/wp\/v2\/pages\/201\/revisions\/1229"}],"wp:attachment":[{"href":"https:\/\/www.mindysart.fi\/index.php\/wp-json\/wp\/v2\/media?parent=201"}],"curies":[{"name":"wp","href":"https:\/\/api.w.org\/{rel}","templated":true}]}}