{"id":203,"date":"2021-09-19T09:22:03","date_gmt":"2021-09-19T09:22:03","guid":{"rendered":"https:\/\/www.mindysart.fi\/?page_id=203"},"modified":"2026-04-06T07:47:07","modified_gmt":"2026-04-06T07:47:07","slug":"tuotetilaus","status":"publish","type":"page","link":"https:\/\/www.mindysart.fi\/index.php\/tuotetilaus\/","title":{"rendered":"Tuotetilaus"},"content":{"rendered":"\n<p class=\"has-medium-font-size\">Tuotteen tilaukset tapahtuvat s\u00e4hk\u00f6postin kautta tai soittamalla minulle. Yhteystiedot ja aukioloajat l\u00f6ytyv\u00e4t yhteystiedot- sivulta.<\/p>\n\n\n\n<p class=\"has-medium-font-size\"><strong>Ilmoitathan nahkaty\u00f6tilausta tehdess\u00e4si<\/strong><\/p>\n\n\n\n<ul class=\"wp-block-list\">\n<li>Mink\u00e4 tuotteen haluat tilata<\/li>\n\n\n\n<li>Mink\u00e4 v\u00e4risen\u00e4 haluat tuotteen<\/li>\n\n\n\n<li>Mahdolliset koristelut ja punonnat<\/li>\n\n\n\n<li>Mahdolliset omat erikoisominaisuudet (esim. terapiaohjiin &#8221;mont\u00e9-lenkit&#8221;)<\/li>\n\n\n\n<li>Tuotteen koko (valjastilaukset)\/voit my\u00f6s l\u00e4hett\u00e4\u00e4 omat kaavat s\u00e4hk\u00f6postiini<\/li>\n\n\n\n<li>Jos haluat t\u00e4ysin vanhaa vastaavan tuotteen, voit my\u00f6s l\u00e4hett\u00e4\u00e4 ne malliksi (esim. suitset\/riimu)<\/li>\n\n\n\n<li>Yhteystietosi (nimi, puhelinnumero ja s\u00e4hk\u00f6posti) asiointi- ja laskutustietoja varten<\/li>\n<\/ul>\n\n\n\n<p class=\"has-medium-font-size\"><strong>Ilmoitathan taulutilausta tehdess\u00e4si<\/strong><\/p>\n\n\n\n<ul class=\"wp-block-list\">\n<li>Haluatko lyijykyn\u00e4-, akryyli- vai \u00f6ljyv\u00e4rity\u00f6n (\u00f6ljyv\u00e4rity\u00f6t\u00e4 tilattaessa kannattaa huomioida ty\u00f6vaiheiden pitk\u00e4 kuivumisaika, useita kuukausia)<\/li>\n\n\n\n<li>Taulun koko<\/li>\n\n\n\n<li>Mahdollisten kehysten koko ja niiden ulottuminen kankaan p\u00e4\u00e4lle: signeeraus ei j\u00e4isi kehysten alle<\/li>\n\n\n\n<li>Haluatko alkuper\u00e4ist\u00e4 kuvaa vastaavaksi vai muutetaanko s\u00e4vyj\u00e4, taustaa tms. Mieti yksityiskohdat kuntoon.<\/li>\n<\/ul>\n\n\n\n<p><\/p>\n\n\n\n<p><\/p>\n","protected":false},"excerpt":{"rendered":"<p>Tuotteen tilaukset tapahtuvat s\u00e4hk\u00f6postin kautta tai soittamalla minulle. Yhteystiedot ja aukioloajat l\u00f6ytyv\u00e4t yhteystiedot- sivulta. Ilmoitathan nahkaty\u00f6tilausta tehdess\u00e4si Ilmoitathan taulutilausta tehdess\u00e4si<\/p>\n","protected":false},"author":1,"featured_media":0,"parent":0,"menu_order":0,"comment_status":"closed","ping_status":"closed","template":"","meta":{"footnotes":""},"class_list":["post-203","page","type-page","status-publish","hentry"],"_links":{"self":[{"href":"https:\/\/www.mindysart.fi\/index.php\/wp-json\/wp\/v2\/pages\/203","targetHints":{"allow":["GET"]}}],"collection":[{"href":"https:\/\/www.mindysart.fi\/index.php\/wp-json\/wp\/v2\/pages"}],"about":[{"href":"https:\/\/www.mindysart.fi\/index.php\/wp-json\/wp\/v2\/types\/page"}],"author":[{"embeddable":true,"href":"https:\/\/www.mindysart.fi\/index.php\/wp-json\/wp\/v2\/users\/1"}],"replies":[{"embeddable":true,"href":"https:\/\/www.mindysart.fi\/index.php\/wp-json\/wp\/v2\/comments?post=203"}],"version-history":[{"count":16,"href":"https:\/\/www.mindysart.fi\/index.php\/wp-json\/wp\/v2\/pages\/203\/revisions"}],"predecessor-version":[{"id":1236,"href":"https:\/\/www.mindysart.fi\/index.php\/wp-json\/wp\/v2\/pages\/203\/revisions\/1236"}],"wp:attachment":[{"href":"https:\/\/www.mindysart.fi\/index.php\/wp-json\/wp\/v2\/media?parent=203"}],"curies":[{"name":"wp","href":"https:\/\/api.w.org\/{rel}","templated":true}]}}