{"id":244,"date":"2021-09-19T12:25:18","date_gmt":"2021-09-19T12:25:18","guid":{"rendered":"https:\/\/www.mindysart.fi\/?page_id=244"},"modified":"2023-07-06T10:14:59","modified_gmt":"2023-07-06T10:14:59","slug":"tekijanoikeuslaki","status":"publish","type":"page","link":"https:\/\/www.mindysart.fi\/index.php\/tekijanoikeuslaki\/","title":{"rendered":"Tekij\u00e4noikeuslaki"},"content":{"rendered":"\n<p>Kaikki ty\u00f6t, jotka esitell\u00e4\u00e4n Mindys Art- sivustolla, on suojattu tekij\u00e4noikeuslailla:<\/p>\n\n\n\n<p><\/p>\n\n\n\n<h5 class=\"wp-block-heading\">Tekij\u00e4noikeuden kohde&nbsp;<a href=\"https:\/\/www.finlex.fi\/fi\/laki\/ajantasa\/1961\/19610404#a22.5.2015-607\">(22.5.2015\/607)<\/a><\/h5>\n\n\n\n<p>Sill\u00e4, joka on luonut kirjallisen tai taiteellisen teoksen, on tekij\u00e4noikeus teokseen, olkoonpa se kaunokirjallinen tahi selitt\u00e4v\u00e4 kirjallinen tai suullinen esitys, s\u00e4vellys- tai n\u00e4ytt\u00e4m\u00f6teos, elokuvateos, valokuvateos tai muu kuvataiteen teos, rakennustaiteen, taidek\u00e4sity\u00f6n tai taideteollisuuden tuote taikka ilmetk\u00f6\u00f6np\u00e4 se muulla tavalla.&nbsp;<a href=\"https:\/\/www.finlex.fi\/fi\/laki\/ajantasa\/1961\/19610404#a24.3.1995-446\">(24.3.1995\/446)<\/a><\/p>\n\n\n\n<p>Kirjallisena teoksena pidet\u00e4\u00e4n my\u00f6s karttaa sek\u00e4 muuta selitt\u00e4v\u00e4\u00e4 piirustusta tai graafista taikka plastillisesti muotoiltua teosta sek\u00e4 tietokoneohjelmaa.&nbsp;<a href=\"https:\/\/www.finlex.fi\/fi\/laki\/ajantasa\/1961\/19610404#a11.1.1991-34\">(11.1.1991\/34)<\/a><\/p>\n\n\n\n<h5 class=\"wp-block-heading\">2 \u00a7&nbsp;<a href=\"https:\/\/www.finlex.fi\/fi\/laki\/ajantasa\/1961\/19610404#a14.10.2005-821\">(14.10.2005\/821)<\/a><\/h5>\n\n\n\n<h5 class=\"wp-block-heading\">Taloudelliset oikeudet&nbsp;<a href=\"https:\/\/www.finlex.fi\/fi\/laki\/ajantasa\/1961\/19610404#a22.5.2015-607\">(22.5.2015\/607)<\/a><\/h5>\n\n\n\n<p>Tekij\u00e4noikeus tuottaa, j\u00e4ljemp\u00e4n\u00e4 s\u00e4\u00e4detyin rajoituksin, yksinomaisen oikeuden m\u00e4\u00e4r\u00e4t\u00e4 teoksesta valmistamalla siit\u00e4 kappaleita ja saattamalla se yleis\u00f6n saataviin, muuttamattomana tai muutettuna, k\u00e4\u00e4nn\u00f6ksen\u00e4 tai muunnelmana, toisessa kirjallisuus- tai taidelajissa taikka toista tekotapaa k\u00e4ytt\u00e4en.<\/p>\n\n\n\n<p>Kappaleen valmistamisena pidet\u00e4\u00e4n sen valmistamista kokonaan tai osittain, suoraan tai v\u00e4lillisesti, tilap\u00e4isesti tai pysyv\u00e4sti sek\u00e4 mill\u00e4 keinolla ja miss\u00e4 muodossa tahansa. Kappaleen valmistamisena pidet\u00e4\u00e4n my\u00f6s teoksen siirt\u00e4mist\u00e4 laitteeseen, jolla se voidaan toisintaa.<\/p>\n\n\n\n<h5 class=\"wp-block-heading\">43 \u00a7&nbsp;<a href=\"https:\/\/www.finlex.fi\/fi\/laki\/ajantasa\/1961\/19610404#a22.12.1995-1654\">(22.12.1995\/1654)<\/a><\/h5>\n\n\n\n<h5 class=\"wp-block-heading\">Tekij\u00e4noikeuden suoja-aika&nbsp;<a href=\"https:\/\/www.finlex.fi\/fi\/laki\/ajantasa\/1961\/19610404#a22.5.2015-607\">(22.5.2015\/607)<\/a><\/h5>\n\n\n\n<p>Tekij\u00e4noikeus on voimassa, kunnes 70 vuotta on kulunut tekij\u00e4n tai, jos kysymys on 6 \u00a7:ss\u00e4 tarkoitetusta teoksesta, viimeksi kuolleen tekij\u00e4n kuolinvuodesta.&nbsp;<\/p>\n\n\n\n<h5 class=\"wp-block-heading\">56 \u00a7&nbsp;<a href=\"https:\/\/www.finlex.fi\/fi\/laki\/ajantasa\/1961\/19610404#a14.10.2005-821\">(14.10.2005\/821)<\/a><\/h5>\n\n\n\n<h5 class=\"wp-block-heading\">Rikoslain rangaistuss\u00e4\u00e4nn\u00f6kset&nbsp;<a href=\"https:\/\/www.finlex.fi\/fi\/laki\/ajantasa\/1961\/19610404#a22.5.2015-607\">(22.5.2015\/607)<\/a><\/h5>\n\n\n\n<p>Rangaistus tekij\u00e4noikeusrikoksesta s\u00e4\u00e4det\u00e4\u00e4n rikoslain&nbsp;<a href=\"https:\/\/www.finlex.fi\/fi\/laki\/smur\/1889\/18890039\">(39\/1889) 49 luvun 1 \u00a7:ss\u00e4<\/a>, teknisen suojauksen kiert\u00e4misest\u00e4 luvun 3 \u00a7:ss\u00e4, teknisen suojauksen kiert\u00e4miskeinorikoksesta luvun 4 \u00a7:ss\u00e4 ja oikeuksien s\u00e4hk\u00f6isten hallinnointitietojen loukkausrikoksesta luvun 5 \u00a7:ss\u00e4.<\/p>\n\n\n\n<h5 class=\"wp-block-heading\">57 \u00a7&nbsp;<a href=\"https:\/\/www.finlex.fi\/fi\/laki\/ajantasa\/1961\/19610404#a14.10.2005-821\">(14.10.2005\/821)<\/a><\/h5>\n\n\n\n<h5 class=\"wp-block-heading\">Hyvitys ja korvaus&nbsp;<a href=\"https:\/\/www.finlex.fi\/fi\/laki\/ajantasa\/1961\/19610404#a22.5.2015-607\">(22.5.2015\/607)<\/a><\/h5>\n\n\n\n<p>Joka vastoin t\u00e4t\u00e4 lakia tai 41 \u00a7:n 2 momentin nojalla annettua m\u00e4\u00e4r\u00e4yst\u00e4 k\u00e4ytt\u00e4\u00e4 teosta taikka tuo maahan tai Suomen alueelle edelleen kolmanteen maahan kuljetettavaksi teoksen kappaleen, on velvollinen suorittamaan tekij\u00e4lle kohtuullisen hyvityksen. Vastoin lakia tapahtuvasta teoksen kappaleen valmistamisesta yksityist\u00e4 k\u00e4ytt\u00f6\u00e4 varten on hyvitysvelvollisuus vain siin\u00e4 tapauksessa, ett\u00e4 kappaleen valmistaja on tiennyt tai h\u00e4nen olisi pit\u00e4nyt tiet\u00e4\u00e4, ett\u00e4 kopioitava aineisto on saatettu yleis\u00f6n saataviin vastoin t\u00e4t\u00e4 lakia.<\/p>\n\n\n\n<p>Jos teosta k\u00e4ytet\u00e4\u00e4n tahallisesti tai tuottamuksesta, hyvityksen lis\u00e4ksi on suoritettava korvaus kaikesta muustakin menetyksest\u00e4, my\u00f6s k\u00e4rsimyksest\u00e4 ja muusta haitasta.<\/p>\n\n\n\n<p>Joka muutoin kuin teosta k\u00e4ytt\u00e4m\u00e4ll\u00e4 syyllistyy&nbsp;<a href=\"https:\/\/www.finlex.fi\/fi\/laki\/smur\/1889\/18890039\">rikoslain 49 luvun<\/a>&nbsp;1, 3 tai 5 \u00a7:n taikka t\u00e4m\u00e4n lain 56 a \u00a7:n, 56 e \u00a7:n 1 kohdan tai 56 f \u00a7:n mukaan rangaistavaan tekoon, on velvollinen suorittamaan tekij\u00e4lle korvauksen rikoksesta aiheutuneesta menetyksest\u00e4, k\u00e4rsimyksest\u00e4 ja muusta haitasta.<\/p>\n\n\n\n<p>Edell\u00e4 2 ja 3 momentissa tarkoitetusta korvauksesta on lis\u00e4ksi voimassa, mit\u00e4 vahingonkorvauslaissa&nbsp;<a href=\"https:\/\/www.finlex.fi\/fi\/laki\/smur\/1974\/19740412\">(412\/1974)<\/a>&nbsp;s\u00e4\u00e4det\u00e4\u00e4n.<\/p>\n\n\n\n<h5 class=\"wp-block-heading\">58 \u00a7&nbsp;<a href=\"https:\/\/www.finlex.fi\/fi\/laki\/ajantasa\/1961\/19610404#a14.10.2005-821\">(14.10.2005\/821)<\/a><\/h5>\n\n\n\n<h5 class=\"wp-block-heading\">Menett\u00e4misseuraamus&nbsp;<a href=\"https:\/\/www.finlex.fi\/fi\/laki\/ajantasa\/1961\/19610404#a22.5.2015-607\">(22.5.2015\/607)<\/a><\/h5>\n\n\n\n<p>Jos teoksen kappale on valmistettu, tuotu maahan tai Suomen alueelle edelleen kolmanteen maahan kuljetettavaksi tai saatettu yleis\u00f6n saataviin taikka sit\u00e4 on muutettu vastoin t\u00e4t\u00e4 lakia tai 41 \u00a7:n 2 momentin nojalla annettua m\u00e4\u00e4r\u00e4yst\u00e4, 51 tai 52 \u00a7:n s\u00e4\u00e4nn\u00f6st\u00e4 tai 53 \u00a7:n 1 momentin nojalla m\u00e4\u00e4r\u00e4tty\u00e4 kieltoa taikka jos on rikottu 50 a tai 50 b \u00a7:ss\u00e4 s\u00e4\u00e4detty\u00e4 kieltoa, tuomioistuin voi asianomistajan tai 50 b \u00a7:ss\u00e4 tarkoitetussa tapauksessa virallisen syytt\u00e4j\u00e4n vaatimuksesta, sen mukaan kuin katsoo kohtuulliseksi, m\u00e4\u00e4r\u00e4t\u00e4, ett\u00e4 kappale sek\u00e4 sen valmistukseen tarkoitettu painoladelma, kuvalaatta, kehil\u00f6 tai muu apuv\u00e4line taikka laiton teknisen suojauksen kiert\u00e4miskeino on h\u00e4vitett\u00e4v\u00e4 taikka ett\u00e4 omaisuutta on m\u00e4\u00e4r\u00e4tyin tavoin muutettava taikka ett\u00e4 se on luovutettava asianomistajalle valmistamiskustannuksia vastaavasta korvauksesta taikka saatettava sellaiseksi, ettei sit\u00e4 voida k\u00e4ytt\u00e4\u00e4 v\u00e4\u00e4rin. Mit\u00e4 t\u00e4ss\u00e4 momentissa s\u00e4\u00e4det\u00e4\u00e4n, sovelletaan teoksen kappaleen valmistamiseen yksityist\u00e4 k\u00e4ytt\u00f6\u00e4 varten vain, jos kappaleen valmistaja on tiennyt tai h\u00e4nen olisi pit\u00e4nyt tiet\u00e4\u00e4, ett\u00e4 kopioitava aineisto on saatettu yleis\u00f6n saataviin vastoin t\u00e4t\u00e4 lakia.<\/p>\n\n\n\n<p>Jos teoksen kappale on valmistettu tai levitetty yleis\u00f6lle vastoin t\u00e4t\u00e4 lakia taikka tuotu maahan tai Suomen alueelle 56 a \u00a7:n 1 momentin 3 kohdassa tarkoitetulla tavalla, ja se m\u00e4\u00e4r\u00e4t\u00e4\u00e4n rangaistusm\u00e4\u00e4r\u00e4yksell\u00e4 valtiolle menetetyksi, voidaan asianomistajan vaatimuksesta samalla m\u00e4\u00e4r\u00e4t\u00e4, ett\u00e4 teoksen kappale on h\u00e4vitett\u00e4v\u00e4. Rangaistusm\u00e4\u00e4r\u00e4yksell\u00e4 voidaan m\u00e4\u00e4r\u00e4t\u00e4 my\u00f6s 50 b \u00a7:ss\u00e4 tarkoitettu teknisen toimenpiteen kiert\u00e4misv\u00e4line valtiolle menetetyksi ja h\u00e4vitett\u00e4v\u00e4ksi, jos se on valmistettu, saatettu yleis\u00f6n saataviin taikka tuotu maahan yleis\u00f6lle levitt\u00e4mist\u00e4 varten tai Suomen alueelle kolmanteen maahan kuljetettavaksi vastoin 50 b \u00a7:n 1 momentin s\u00e4\u00e4nn\u00f6ksi\u00e4.&nbsp;<a href=\"https:\/\/www.finlex.fi\/fi\/laki\/ajantasa\/1961\/19610404#a27.8.2010-776\">(27.8.2010\/776)<\/a><\/p>\n\n\n\n<h5 class=\"wp-block-heading\">59 a \u00a7&nbsp;<a href=\"https:\/\/www.finlex.fi\/fi\/laki\/ajantasa\/1961\/19610404#a21.7.2006-679\">(21.7.2006\/679)<\/a><\/h5>\n\n\n\n<h5 class=\"wp-block-heading\">Tuomion julkistaminen&nbsp;<a href=\"https:\/\/www.finlex.fi\/fi\/laki\/ajantasa\/1961\/19610404#a22.5.2015-607\">(22.5.2015\/607)<\/a><\/h5>\n\n\n\n<p>Tuomioistuin voi tekij\u00e4noikeuden loukkausta koskevassa riita-asiassa kantajan vaatimuksesta m\u00e4\u00e4r\u00e4t\u00e4, ett\u00e4 vastaajan on korvattava kustannukset, jotka kantajalle aiheutuvat siit\u00e4, ett\u00e4 h\u00e4n soveltuvin toimin julkistaa tietoja lainvoimaisesta tuomiosta, jossa vastaajan on todettu loukanneen tekij\u00e4noikeutta. M\u00e4\u00e4r\u00e4yst\u00e4 ei saa antaa, jos tietojen levitt\u00e4mist\u00e4 on muussa laissa rajoitettu. Harkitessaan m\u00e4\u00e4r\u00e4yksen antamista ja m\u00e4\u00e4r\u00e4yksen sis\u00e4lt\u00f6\u00e4 tuomioistuimen tulee ottaa huomioon julkistamisen yleinen merkitys, loukkauksen laatu ja laajuus, julkistamisesta aiheutuvat kustannukset ja muut vastaavat seikat.<\/p>\n\n\n\n<p>Tuomioistuin m\u00e4\u00e4r\u00e4\u00e4 vastaajan korvattavien kohtuullisten julkistamiskustannusten enimm\u00e4ism\u00e4\u00e4r\u00e4n. Kantajalla ei ole oikeutta korvaukseen, jos tietoja tuomiosta ei ole julkistettu tuomioistuimen m\u00e4\u00e4r\u00e4\u00e4m\u00e4ss\u00e4 ajassa lainvoimaiseksi tulleen tuomion antamisesta.<\/p>\n","protected":false},"excerpt":{"rendered":"<p>Kaikki ty\u00f6t, jotka esitell\u00e4\u00e4n Mindys Art- sivustolla, on suojattu tekij\u00e4noikeuslailla: Tekij\u00e4noikeuden kohde&nbsp;(22.5.2015\/607) Sill\u00e4, joka on luonut kirjallisen tai taiteellisen teoksen, on tekij\u00e4noikeus teokseen, olkoonpa se kaunokirjallinen tahi selitt\u00e4v\u00e4 kirjallinen tai&hellip;<\/p>\n","protected":false},"author":1,"featured_media":0,"parent":0,"menu_order":0,"comment_status":"closed","ping_status":"closed","template":"","meta":{"footnotes":""},"class_list":["post-244","page","type-page","status-publish","hentry"],"_links":{"self":[{"href":"https:\/\/www.mindysart.fi\/index.php\/wp-json\/wp\/v2\/pages\/244","targetHints":{"allow":["GET"]}}],"collection":[{"href":"https:\/\/www.mindysart.fi\/index.php\/wp-json\/wp\/v2\/pages"}],"about":[{"href":"https:\/\/www.mindysart.fi\/index.php\/wp-json\/wp\/v2\/types\/page"}],"author":[{"embeddable":true,"href":"https:\/\/www.mindysart.fi\/index.php\/wp-json\/wp\/v2\/users\/1"}],"replies":[{"embeddable":true,"href":"https:\/\/www.mindysart.fi\/index.php\/wp-json\/wp\/v2\/comments?post=244"}],"version-history":[{"count":4,"href":"https:\/\/www.mindysart.fi\/index.php\/wp-json\/wp\/v2\/pages\/244\/revisions"}],"predecessor-version":[{"id":784,"href":"https:\/\/www.mindysart.fi\/index.php\/wp-json\/wp\/v2\/pages\/244\/revisions\/784"}],"wp:attachment":[{"href":"https:\/\/www.mindysart.fi\/index.php\/wp-json\/wp\/v2\/media?parent=244"}],"curies":[{"name":"wp","href":"https:\/\/api.w.org\/{rel}","templated":true}]}}