{"id":877,"date":"2025-04-07T08:54:43","date_gmt":"2025-04-07T08:54:43","guid":{"rendered":"https:\/\/www.mindysart.fi\/?page_id=877"},"modified":"2026-01-02T09:00:27","modified_gmt":"2026-01-02T09:00:27","slug":"saanen-esittaytya","status":"publish","type":"page","link":"https:\/\/www.mindysart.fi\/index.php\/saanen-esittaytya\/","title":{"rendered":"Saanen esitt\u00e4yty\u00e4!"},"content":{"rendered":"<div class=\"wp-block-image\">\n<figure class=\"alignleft size-large is-resized\"><img loading=\"lazy\" decoding=\"async\" width=\"462\" height=\"1024\" src=\"https:\/\/www.mindysart.fi\/wp-content\/uploads\/2025\/04\/20240615_092927-462x1024.jpg\" alt=\"\" class=\"wp-image-885\" style=\"width:203px;height:auto\" srcset=\"https:\/\/www.mindysart.fi\/wp-content\/uploads\/2025\/04\/20240615_092927-462x1024.jpg 462w, https:\/\/www.mindysart.fi\/wp-content\/uploads\/2025\/04\/20240615_092927-135x300.jpg 135w, https:\/\/www.mindysart.fi\/wp-content\/uploads\/2025\/04\/20240615_092927-768x1704.jpg 768w, https:\/\/www.mindysart.fi\/wp-content\/uploads\/2025\/04\/20240615_092927-692x1536.jpg 692w, https:\/\/www.mindysart.fi\/wp-content\/uploads\/2025\/04\/20240615_092927-923x2048.jpg 923w, https:\/\/www.mindysart.fi\/wp-content\/uploads\/2025\/04\/20240615_092927-scaled.jpg 1154w\" sizes=\"auto, (max-width: 462px) 100vw, 462px\" \/><\/figure>\n<\/div>\n\n\n<p class=\"has-medium-font-size\">Tervehdys!<\/p>\n\n\n\n<p class=\"has-medium-font-size\">Olen Minna, Mindys Art:n luoja. Koulutukseltani olen oikeustradenomi (AMK) ja ammatiltani laink\u00e4ytt\u00f6sihteeri, mutta intohimoni on Mindys Art. T\u00e4ll\u00e4 hetkell\u00e4 hassaan kaiken vapaa-aikani Mindys Art:iin ja purjehdukseen.<\/p>\n\n\n\n<p class=\"has-medium-font-size\">Hieman taustaa: Valmistuin valjassep\u00e4ksi vuonna 2002 ja olen ollut siit\u00e4 l\u00e4htien Suomen Satula- ja valjassep\u00e4t Ry:n j\u00e4sen. Ammattitaitoa ja kokemusta nahkatuotteiden valmistamisesta on kertynyt jo 24 vuotta. Alkuvuosina p\u00e4\u00e4paino oli hevosvaljaissa, sittemmin lis\u00e4sin koirien valjaat repertuaariin ja nyt uusin aluevaltaukseni on veneeseen tulevat nahkaty\u00f6t kuten ruorin nahoitukset, kaiteen vanttiruuvin suojat, karttaputket ja -taskut jne.<\/p>\n\n\n\n<p class=\"has-medium-font-size\">Aluevaltaus sopii minulle hyvin, sill\u00e4 olen my\u00f6s intohimoinen purjehtija. Kes\u00e4t viet\u00e4n merell\u00e4, mutten lonkkaa, vaan k\u00f6ysi\u00e4 vedellen. Eli t\u00f6it\u00e4 paiskiessa ja el\u00e4m\u00e4st\u00e4 nauttiessa!<\/p>\n\n\n<div class=\"wp-block-image is-style-default\">\n<figure class=\"alignright size-large is-resized\"><img loading=\"lazy\" decoding=\"async\" width=\"768\" height=\"1024\" src=\"https:\/\/www.mindysart.fi\/wp-content\/uploads\/2025\/04\/IMG-20240808-WA0013-768x1024.jpg\" alt=\"\" class=\"wp-image-898\" style=\"width:299px;height:auto\" srcset=\"https:\/\/www.mindysart.fi\/wp-content\/uploads\/2025\/04\/IMG-20240808-WA0013-768x1024.jpg 768w, https:\/\/www.mindysart.fi\/wp-content\/uploads\/2025\/04\/IMG-20240808-WA0013-225x300.jpg 225w, https:\/\/www.mindysart.fi\/wp-content\/uploads\/2025\/04\/IMG-20240808-WA0013-1152x1536.jpg 1152w, https:\/\/www.mindysart.fi\/wp-content\/uploads\/2025\/04\/IMG-20240808-WA0013.jpg 1200w\" sizes=\"auto, (max-width: 768px) 100vw, 768px\" \/><\/figure>\n<\/div>\n\n\n<p class=\"has-medium-font-size\">Merell\u00e4 on minuun my\u00f6s inspiroiva vaikutus. Ty\u00f6n lomassa ehdin napsia muutamia merellisi\u00e4 kuvia vaahtop\u00e4ist\u00e4 tai lumoavan kauniista auringonlaskusta, jonka my\u00f6hemmin ikuistan tauluksi. Innostusta saan paitsi kotisuomen saaristolta, It\u00e4merelt\u00e4 tai matkalta Ahvenanmaalle, mutta my\u00f6s V\u00e4limeren aistillisilta laineilta.<\/p>\n\n\n<div class=\"wp-block-image\">\n<figure class=\"alignleft size-large is-resized\"><img loading=\"lazy\" decoding=\"async\" width=\"1024\" height=\"406\" src=\"https:\/\/www.mindysart.fi\/wp-content\/uploads\/2025\/04\/20240619_231147-1024x406.jpg\" alt=\"\" class=\"wp-image-889\" style=\"width:503px;height:auto\" srcset=\"https:\/\/www.mindysart.fi\/wp-content\/uploads\/2025\/04\/20240619_231147-1024x406.jpg 1024w, https:\/\/www.mindysart.fi\/wp-content\/uploads\/2025\/04\/20240619_231147-300x119.jpg 300w, https:\/\/www.mindysart.fi\/wp-content\/uploads\/2025\/04\/20240619_231147-768x305.jpg 768w, https:\/\/www.mindysart.fi\/wp-content\/uploads\/2025\/04\/20240619_231147-1536x609.jpg 1536w, https:\/\/www.mindysart.fi\/wp-content\/uploads\/2025\/04\/20240619_231147-2048x812.jpg 2048w\" sizes=\"auto, (max-width: 1024px) 100vw, 1024px\" \/><\/figure>\n<\/div>\n\n<div class=\"wp-block-image\">\n<figure class=\"alignleft size-full is-resized\"><img loading=\"lazy\" decoding=\"async\" width=\"728\" height=\"368\" src=\"https:\/\/www.mindysart.fi\/wp-content\/uploads\/2023\/07\/Sieppaa5.png\" alt=\"\" class=\"wp-image-768\" style=\"width:501px;height:auto\" srcset=\"https:\/\/www.mindysart.fi\/wp-content\/uploads\/2023\/07\/Sieppaa5.png 728w, https:\/\/www.mindysart.fi\/wp-content\/uploads\/2023\/07\/Sieppaa5-300x152.png 300w\" sizes=\"auto, (max-width: 728px) 100vw, 728px\" \/><\/figure>\n<\/div>\n\n\n<p><\/p>\n\n\n\n<p class=\"has-medium-font-size\">Taidepuolen l\u00f6ysin ollessani vasta ihan raakile, olisinko ollut edes kahtaakymment\u00e4 viel\u00e4&#8230; Ensimm\u00e4inen piirrokseni oli hevonen. Pelkk\u00e4 p\u00e4\u00e4. Sitten tein koko hepan. N\u00e4m\u00e4 olivat siis lyijykyn\u00e4ll\u00e4 tehtyj\u00e4 tauluja. Ja koska olen seikkailunhakuinen ja kovin innostunut kokeilemaan kaikkea uutta, siirryin pastelliv\u00e4reihin. V\u00e4rit innostivat lis\u00e4\u00e4 ja p\u00e4\u00e4tin kokeilla maaleilla sotkemista. Ja koska on kyse maalista, piti olla kangas, jolle sutata. Ja tietysti niit\u00e4 suteja! Ja maaleja! PALJON! Siit\u00e4 se sitten l\u00e4hti lapasesta ja ennen kuin tajusinkaan, asuin taidegalleria-ateljeen ja valjasvertaan v\u00e4limuodossa. Ja olin tietysti onnellinen. <\/p>\n\n\n\n<p class=\"has-medium-font-size\">Sitten jossain vaiheessa kasvoin aikuiseksi ja aloin tuntea tarvetta luoda jotain n\u00e4kyv\u00e4\u00e4 taidoillani. Mietin ja tuumin muutaman vuoden ajan, kehitin konseptia ja kirjasin yl\u00f6s, mit\u00e4 haluan tarjota. Juttelin er\u00e4\u00e4n yst\u00e4v\u00e4ni kanssa t\u00e4st\u00e4 kahvikupponen k\u00e4dess\u00e4ni, kunnes kaikki valkeni: Mindys Art pomppasi ajatuksistani ja silloin sanoin sen ensi kerran \u00e4\u00e4neen. Siin\u00e4 se! Mindys Art. Taidetta ja nahkat\u00f6it\u00e4. Ammattitaidolla monen vuoden kokemuksella. Suomalaista k\u00e4sity\u00f6t\u00e4. Ja nyt sit\u00e4 on saatavana my\u00f6s sinulle.<\/p>\n\n\n\n<figure class=\"wp-block-gallery has-nested-images columns-default is-cropped wp-block-gallery-1 is-layout-flex wp-block-gallery-is-layout-flex\">\n<figure class=\"wp-block-image size-large\"><img loading=\"lazy\" decoding=\"async\" width=\"768\" height=\"1024\" data-id=\"899\" src=\"https:\/\/www.mindysart.fi\/wp-content\/uploads\/2025\/04\/IMG-20240808-WA0015-768x1024.jpg\" alt=\"\" class=\"wp-image-899\" srcset=\"https:\/\/www.mindysart.fi\/wp-content\/uploads\/2025\/04\/IMG-20240808-WA0015-768x1024.jpg 768w, https:\/\/www.mindysart.fi\/wp-content\/uploads\/2025\/04\/IMG-20240808-WA0015-225x300.jpg 225w, https:\/\/www.mindysart.fi\/wp-content\/uploads\/2025\/04\/IMG-20240808-WA0015-1152x1536.jpg 1152w, https:\/\/www.mindysart.fi\/wp-content\/uploads\/2025\/04\/IMG-20240808-WA0015.jpg 1200w\" sizes=\"auto, (max-width: 768px) 100vw, 768px\" \/><\/figure>\n\n\n\n<figure class=\"wp-block-image size-large\"><img loading=\"lazy\" decoding=\"async\" width=\"1024\" height=\"768\" data-id=\"900\" src=\"https:\/\/www.mindysart.fi\/wp-content\/uploads\/2025\/04\/IMG-20240808-WA0023-1024x768.jpg\" alt=\"\" class=\"wp-image-900\" srcset=\"https:\/\/www.mindysart.fi\/wp-content\/uploads\/2025\/04\/IMG-20240808-WA0023-1024x768.jpg 1024w, https:\/\/www.mindysart.fi\/wp-content\/uploads\/2025\/04\/IMG-20240808-WA0023-300x225.jpg 300w, https:\/\/www.mindysart.fi\/wp-content\/uploads\/2025\/04\/IMG-20240808-WA0023-768x576.jpg 768w, https:\/\/www.mindysart.fi\/wp-content\/uploads\/2025\/04\/IMG-20240808-WA0023-1536x1152.jpg 1536w, https:\/\/www.mindysart.fi\/wp-content\/uploads\/2025\/04\/IMG-20240808-WA0023.jpg 1600w\" sizes=\"auto, (max-width: 1024px) 100vw, 1024px\" \/><\/figure>\n\n\n\n<figure class=\"wp-block-image size-large\"><img loading=\"lazy\" decoding=\"async\" width=\"833\" height=\"1024\" data-id=\"901\" src=\"https:\/\/www.mindysart.fi\/wp-content\/uploads\/2025\/04\/Screenshot_20240816_230734_Messages-e1744018966339-833x1024.jpg\" alt=\"\" class=\"wp-image-901\" srcset=\"https:\/\/www.mindysart.fi\/wp-content\/uploads\/2025\/04\/Screenshot_20240816_230734_Messages-e1744018966339-833x1024.jpg 833w, https:\/\/www.mindysart.fi\/wp-content\/uploads\/2025\/04\/Screenshot_20240816_230734_Messages-e1744018966339-244x300.jpg 244w, https:\/\/www.mindysart.fi\/wp-content\/uploads\/2025\/04\/Screenshot_20240816_230734_Messages-e1744018966339-768x945.jpg 768w, https:\/\/www.mindysart.fi\/wp-content\/uploads\/2025\/04\/Screenshot_20240816_230734_Messages-e1744018966339.jpg 874w\" sizes=\"auto, (max-width: 833px) 100vw, 833px\" \/><\/figure>\n<\/figure>\n","protected":false},"excerpt":{"rendered":"<p>Tervehdys! Olen Minna, Mindys Art:n luoja. Koulutukseltani olen oikeustradenomi (AMK) ja ammatiltani laink\u00e4ytt\u00f6sihteeri, mutta intohimoni on Mindys Art. T\u00e4ll\u00e4 hetkell\u00e4 hassaan kaiken vapaa-aikani Mindys Art:iin ja purjehdukseen. Hieman taustaa: Valmistuin&hellip;<\/p>\n","protected":false},"author":1,"featured_media":0,"parent":0,"menu_order":0,"comment_status":"closed","ping_status":"closed","template":"","meta":{"footnotes":""},"class_list":["post-877","page","type-page","status-publish","hentry"],"_links":{"self":[{"href":"https:\/\/www.mindysart.fi\/index.php\/wp-json\/wp\/v2\/pages\/877","targetHints":{"allow":["GET"]}}],"collection":[{"href":"https:\/\/www.mindysart.fi\/index.php\/wp-json\/wp\/v2\/pages"}],"about":[{"href":"https:\/\/www.mindysart.fi\/index.php\/wp-json\/wp\/v2\/types\/page"}],"author":[{"embeddable":true,"href":"https:\/\/www.mindysart.fi\/index.php\/wp-json\/wp\/v2\/users\/1"}],"replies":[{"embeddable":true,"href":"https:\/\/www.mindysart.fi\/index.php\/wp-json\/wp\/v2\/comments?post=877"}],"version-history":[{"count":16,"href":"https:\/\/www.mindysart.fi\/index.php\/wp-json\/wp\/v2\/pages\/877\/revisions"}],"predecessor-version":[{"id":1084,"href":"https:\/\/www.mindysart.fi\/index.php\/wp-json\/wp\/v2\/pages\/877\/revisions\/1084"}],"wp:attachment":[{"href":"https:\/\/www.mindysart.fi\/index.php\/wp-json\/wp\/v2\/media?parent=877"}],"curies":[{"name":"wp","href":"https:\/\/api.w.org\/{rel}","templated":true}]}}