{"id":944,"date":"2025-04-22T13:03:30","date_gmt":"2025-04-22T13:03:30","guid":{"rendered":"https:\/\/www.mindysart.fi\/?page_id=944"},"modified":"2026-02-22T10:28:06","modified_gmt":"2026-02-22T10:28:06","slug":"yhteistyossa-mukana","status":"publish","type":"page","link":"https:\/\/www.mindysart.fi\/index.php\/yhteistyossa-mukana\/","title":{"rendered":"Yhteisty\u00f6ss\u00e4 mukana"},"content":{"rendered":"\n<p><\/p>\n\n\n\n<div class=\"wp-block-media-text is-stacked-on-mobile\" style=\"grid-template-columns:53% auto\"><figure class=\"wp-block-media-text__media\"><img loading=\"lazy\" decoding=\"async\" width=\"1024\" height=\"707\" src=\"https:\/\/www.mindysart.fi\/wp-content\/uploads\/2026\/02\/Nayttokuva-2026-02-22-122649-1024x707.png\" alt=\"\" class=\"wp-image-1164 size-full\" srcset=\"https:\/\/www.mindysart.fi\/wp-content\/uploads\/2026\/02\/Nayttokuva-2026-02-22-122649-1024x707.png 1024w, https:\/\/www.mindysart.fi\/wp-content\/uploads\/2026\/02\/Nayttokuva-2026-02-22-122649-300x207.png 300w, https:\/\/www.mindysart.fi\/wp-content\/uploads\/2026\/02\/Nayttokuva-2026-02-22-122649-768x530.png 768w, https:\/\/www.mindysart.fi\/wp-content\/uploads\/2026\/02\/Nayttokuva-2026-02-22-122649.png 1183w\" sizes=\"auto, (max-width: 1024px) 100vw, 1024px\" \/><\/figure><div class=\"wp-block-media-text__content\">\n<p><strong><em>Purjehduskoulu Swan Lady Sailing<\/em> <\/strong>on purjehduksen intohimosta syntynyt yritys, joka tarjoaa unohtumattomia el\u00e4myksi\u00e4 merell\u00e4. Kokeneet kipparimme ja huolella suunnitellut reittimme takaavat turvallisen ja nautinnollisen purjehduksen. J\u00e4rjest\u00e4mme sek\u00e4 rentouttavia p\u00e4iv\u00e4retki\u00e4 ett\u00e4 pidempi\u00e4 seikkailuja upeissa maisemissa, aina asiakkaidemme toiveita kuunnellen.<br>Meille t\u00e4rkeint\u00e4 on asiakastyytyv\u00e4isyys, l\u00e4mminhenkinen palvelu ja aito rakkaus purjehdukseen.<\/p>\n\n\n\n<p><a href=\"https:\/\/www.swanladysailing.fi\/\" data-type=\"link\" data-id=\"https:\/\/www.swanladysailing.fi\/\">https:\/\/www.swanladysailing.fi\/<\/a><\/p>\n<\/div><\/div>\n\n\n\n<div class=\"wp-block-media-text is-stacked-on-mobile\" style=\"grid-template-columns:32% auto\"><figure class=\"wp-block-media-text__media\"><img loading=\"lazy\" decoding=\"async\" width=\"414\" height=\"431\" src=\"https:\/\/www.mindysart.fi\/wp-content\/uploads\/2025\/04\/Auran-tytot-logo.jpg\" alt=\"\" class=\"wp-image-949 size-full\" srcset=\"https:\/\/www.mindysart.fi\/wp-content\/uploads\/2025\/04\/Auran-tytot-logo.jpg 414w, https:\/\/www.mindysart.fi\/wp-content\/uploads\/2025\/04\/Auran-tytot-logo-288x300.jpg 288w\" sizes=\"auto, (max-width: 414px) 100vw, 414px\" \/><\/figure><div class=\"wp-block-media-text__content\">\n<p><strong><em>Auran Tyt\u00f6t <\/em><\/strong>on Turun vanhin tytt\u00f6lippukunta. Auran Tyt\u00f6iss\u00e4 on mukana 190 innokasta meripartiolaista. Meripartiolaiset j\u00e4rjest\u00e4v\u00e4t Turun seudulla lapsille ja nuorille merikoulutusta ja toimintaa kaupungissa sek\u00e4 mets\u00e4ss\u00e4 viikoittain. Lippukunnan koulutusalus s\/y Aurantytt\u00f6 on malliltaan Grand Soleil 37. Vene on partiokoulutukseen hyvin sopiva ja turvallinen pitkillekin purjehdusmatkoille. Meripartiotoiminta on aktiivista ja purjehdusta on vuosittain huhtikuusta lokakuun loppuun asti.<\/p>\n\n\n\n<p><a href=\"https:\/\/aurantytot.fi\/meritoiminta\/\">https:\/\/aurantytot.fi\/meritoiminta\/<\/a><\/p>\n<\/div><\/div>\n\n\n\n<div class=\"wp-block-media-text is-stacked-on-mobile\" style=\"grid-template-columns:31% auto\"><figure class=\"wp-block-media-text__media\"><img loading=\"lazy\" decoding=\"async\" width=\"86\" height=\"95\" src=\"https:\/\/www.mindysart.fi\/wp-content\/uploads\/2025\/10\/staf-logo.png\" alt=\"\" class=\"wp-image-1048 size-full\"\/><\/figure><div class=\"wp-block-media-text__content\">\n<p><strong><em>Suomen Purjelaivas\u00e4\u00e4ti\u00f6<\/em><\/strong> on vuonna 1973 perustettu purjehdusseikkailuja tarjoava s\u00e4\u00e4ti\u00f6. Heid\u00e4n toiminnassaan korostetaan nuorten sosiaalisten taitojen ja yhteis\u00f6llisyyden merkityst\u00e4. Seikkailullisia ja mielenkiintoisia purjehduksia tarjotaan Sail Training-menetelm\u00e4ll\u00e4, mik\u00e4 takaa osallistujien itseluottamuksen ja osaamisen karttumisen. Lis\u00e4ksi ryhm\u00e4ss\u00e4 tekemisen taidot vahvistuvat ja kokemukset oppia el\u00e4m\u00e4st\u00e4 ja itsest\u00e4\u00e4nkin lis\u00e4\u00e4ntyv\u00e4t. Suomen Purjelaivas\u00e4\u00e4ti\u00f6n toimintaa tukevat tahot mahdollistavat s\u00e4\u00e4ti\u00f6n hienon ja jalon toiminnan jatkuvuuden.<\/p>\n\n\n\n<p><a href=\"https:\/\/staf.fi\/\">https:\/\/staf.fi\/<\/a><\/p>\n<\/div><\/div>\n\n\n\n<div class=\"wp-block-media-text is-stacked-on-mobile\" style=\"grid-template-columns:32% auto\"><figure class=\"wp-block-media-text__media\"><img loading=\"lazy\" decoding=\"async\" width=\"199\" height=\"176\" src=\"https:\/\/www.mindysart.fi\/wp-content\/uploads\/2023\/07\/Sieppaa4.png\" alt=\"\" class=\"wp-image-767 size-full\"\/><\/figure><div class=\"wp-block-media-text__content\">\n<p><strong><em>Suomen Valjas- ja Satulasep\u00e4t Ry<\/em><\/strong> on vuonna 1999 perustettu yhdistys&nbsp;alan ammattilaisille ja ammatin opettajille, tarkoituksenaan toimia Suomessa valjas- ja satulaseppien yhteyselimen\u00e4. Lis\u00e4ksi yhdistyksen tarkoituksena on kohottaa valjas- ja satulaseppien arvostusta ammattitaitoisina k\u00e4dentaitajina ja j\u00e4sentens\u00e4 ammattitaitoa, edist\u00e4\u00e4 kansainv\u00e4lisi\u00e4 yhteyksi\u00e4 sek\u00e4 toimia yhteyselimen\u00e4 muihin alaan liittyviin yhdistyksiin.<\/p>\n\n\n\n<p>Mindys Art on suorittanut hyv\u00e4ksytysti Suomen Valjas- ja Satulasep\u00e4t Ry:n ty\u00f6n\u00e4ytteen.<\/p>\n\n\n\n<p><a href=\"https:\/\/valjasjasatulasepat.fi\/\">https:\/\/valjasjasatulasepat.fi\/<\/a><\/p>\n<\/div><\/div>\n\n\n\n<p><\/p>\n","protected":false},"excerpt":{"rendered":"<p>Purjehduskoulu Swan Lady Sailing on purjehduksen intohimosta syntynyt yritys, joka tarjoaa unohtumattomia el\u00e4myksi\u00e4 merell\u00e4. Kokeneet kipparimme ja huolella suunnitellut reittimme takaavat turvallisen ja nautinnollisen purjehduksen. J\u00e4rjest\u00e4mme sek\u00e4 rentouttavia p\u00e4iv\u00e4retki\u00e4 ett\u00e4&hellip;<\/p>\n","protected":false},"author":1,"featured_media":0,"parent":0,"menu_order":0,"comment_status":"closed","ping_status":"closed","template":"","meta":{"footnotes":""},"class_list":["post-944","page","type-page","status-publish","hentry"],"_links":{"self":[{"href":"https:\/\/www.mindysart.fi\/index.php\/wp-json\/wp\/v2\/pages\/944","targetHints":{"allow":["GET"]}}],"collection":[{"href":"https:\/\/www.mindysart.fi\/index.php\/wp-json\/wp\/v2\/pages"}],"about":[{"href":"https:\/\/www.mindysart.fi\/index.php\/wp-json\/wp\/v2\/types\/page"}],"author":[{"embeddable":true,"href":"https:\/\/www.mindysart.fi\/index.php\/wp-json\/wp\/v2\/users\/1"}],"replies":[{"embeddable":true,"href":"https:\/\/www.mindysart.fi\/index.php\/wp-json\/wp\/v2\/comments?post=944"}],"version-history":[{"count":30,"href":"https:\/\/www.mindysart.fi\/index.php\/wp-json\/wp\/v2\/pages\/944\/revisions"}],"predecessor-version":[{"id":1166,"href":"https:\/\/www.mindysart.fi\/index.php\/wp-json\/wp\/v2\/pages\/944\/revisions\/1166"}],"wp:attachment":[{"href":"https:\/\/www.mindysart.fi\/index.php\/wp-json\/wp\/v2\/media?parent=944"}],"curies":[{"name":"wp","href":"https:\/\/api.w.org\/{rel}","templated":true}]}}